{"id":1805,"date":"2022-08-25T18:52:11","date_gmt":"2022-08-25T18:52:11","guid":{"rendered":"https:\/\/milwaukeeclt.org\/apply-today\/"},"modified":"2023-02-21T05:13:52","modified_gmt":"2023-02-21T05:13:52","slug":"apply-today","status":"publish","type":"page","link":"https:\/\/milwaukeeclt.org\/es\/apply-today\/","title":{"rendered":"APLICA HOY"},"content":{"rendered":"\n<p>Antes de comenzar con la solicitud completa, use esta lista de verificaci\u00f3n r\u00e1pida para ver si califica:<\/p>\n\n<iframe src=\"https:\/\/tfaforms.com\/5032507\" width=\"600\" height=\"800\" frameborder=\"0\"><\/iframe>\r\n<script src=\"\/\/tfaforms.com\/js\/iframe_resize_helper.js\"><\/script>\r\n\n<p>Para completar con \u00e9xito la solicitud en l\u00ednea, es importante reunir la documentaci\u00f3n requerida ANTES de comenzar su solicitud. La documentaci\u00f3n e informaci\u00f3n requeridas incluye:<\/p>\n\n<ol class=\"wp-block-list\"><li>Ingreso anual bruto de todos los miembros adultos del hogar.<\/li><li>Informaci\u00f3n demogr\u00e1fica de todos los miembros del hogar.<\/li><li>Puntuaci\u00f3n crediticia de los solicitantes y co-solicitantes que ser\u00e1n propietarios de la vivienda. Nuestros prestamistas requerir\u00e1n un<br\/>puntaje de cr\u00e9dito m\u00ednimo de 620, o un historial de cr\u00e9dito alternativo de por lo menos 3 fuentes que sean<br\/>mensuales (facturas de servicios p\u00fablicos, pagos de alquiler, seguros, tarjetas de cr\u00e9dito, etc.) para aquellos que no tienen historial crediticio.<\/li><li>Informaci\u00f3n patrimonial y bancaria.<\/li><li>Informaci\u00f3n del pago de la deuda mensual.<\/li><\/ol>\n\n<p><\/p>\n\n<div class=\"wp-block-buttons is-layout-flex wp-block-buttons-is-layout-flex\">\n<div class=\"wp-block-button aligncenter\"><a class=\"wp-block-button__link has-white-color has-black-background-color has-text-color has-background\" href=\"https:\/\/www.tfaforms.com\/5032493\" style=\"border-radius:0px\" target=\"_blank\" rel=\"noreferrer noopener\">Aplica ya<\/a><\/div>\n<\/div>\n","protected":false},"excerpt":{"rendered":"<p>Antes de comenzar con la solicitud completa, use esta lista de verificaci\u00f3n r\u00e1pida para ver si califica: Para completar con \u00e9xito la solicitud en l\u00ednea, es importante reunir la documentaci\u00f3n requerida ANTES de comenzar su solicitud. La documentaci\u00f3n e informaci\u00f3n requeridas incluye: Ingreso anual bruto de todos los miembros adultos del hogar. Informaci\u00f3n demogr\u00e1fica de [&hellip;]<\/p>\n","protected":false},"author":2,"featured_media":0,"parent":0,"menu_order":0,"comment_status":"closed","ping_status":"closed","template":"","meta":{"footnotes":""},"class_list":["post-1805","page","type-page","status-publish","hentry"],"yoast_head":"<!-- This site is optimized with the Yoast SEO plugin v24.6 - https:\/\/yoast.com\/wordpress\/plugins\/seo\/ -->\n<title>APLICA HOY - Milwaukee Community Land Trust<\/title>\n<meta name=\"robots\" content=\"index, follow, max-snippet:-1, max-image-preview:large, max-video-preview:-1\" \/>\n<link rel=\"canonical\" href=\"http:\/\/milwaukeeclt.org\/apply\/\" \/>\n<meta property=\"og:locale\" content=\"es_ES\" \/>\n<meta property=\"og:type\" content=\"article\" \/>\n<meta property=\"og:title\" content=\"APLICA HOY - Milwaukee Community Land Trust\" \/>\n<meta property=\"og:description\" content=\"Antes de comenzar con la solicitud completa, use esta lista de verificaci\u00f3n r\u00e1pida para ver si califica: Para completar con \u00e9xito la solicitud en l\u00ednea, es importante reunir la documentaci\u00f3n requerida ANTES de comenzar su solicitud. La documentaci\u00f3n e informaci\u00f3n requeridas incluye: Ingreso anual bruto de todos los miembros adultos del hogar. Informaci\u00f3n demogr\u00e1fica de [&hellip;]\" \/>\n<meta property=\"og:url\" content=\"http:\/\/milwaukeeclt.org\/apply\/\" \/>\n<meta property=\"og:site_name\" content=\"Milwaukee Community Land Trust\" \/>\n<meta property=\"article:modified_time\" content=\"2023-02-21T05:13:52+00:00\" \/>\n<meta name=\"twitter:card\" content=\"summary_large_image\" \/>\n<meta name=\"twitter:label1\" content=\"Tiempo de lectura\" \/>\n\t<meta name=\"twitter:data1\" content=\"1 minuto\" \/>\n<script type=\"application\/ld+json\" class=\"yoast-schema-graph\">{\"@context\":\"https:\/\/schema.org\",\"@graph\":[{\"@type\":\"WebPage\",\"@id\":\"http:\/\/milwaukeeclt.org\/apply\/\",\"url\":\"http:\/\/milwaukeeclt.org\/apply\/\",\"name\":\"APLICA HOY - Milwaukee Community Land Trust\",\"isPartOf\":{\"@id\":\"https:\/\/milwaukeeclt.org\/#website\"},\"datePublished\":\"2022-08-25T18:52:11+00:00\",\"dateModified\":\"2023-02-21T05:13:52+00:00\",\"breadcrumb\":{\"@id\":\"http:\/\/milwaukeeclt.org\/apply\/#breadcrumb\"},\"inLanguage\":\"es\",\"potentialAction\":[{\"@type\":\"ReadAction\",\"target\":[\"http:\/\/milwaukeeclt.org\/apply\/\"]}]},{\"@type\":\"BreadcrumbList\",\"@id\":\"http:\/\/milwaukeeclt.org\/apply\/#breadcrumb\",\"itemListElement\":[{\"@type\":\"ListItem\",\"position\":1,\"name\":\"Home\",\"item\":\"http:\/\/milwaukeeclt.org\/\"},{\"@type\":\"ListItem\",\"position\":2,\"name\":\"APLICA HOY\"}]},{\"@type\":\"WebSite\",\"@id\":\"https:\/\/milwaukeeclt.org\/#website\",\"url\":\"https:\/\/milwaukeeclt.org\/\",\"name\":\"Milwaukee Community Land Trust\",\"description\":\"Affordable Housing for Everyone, Forever\",\"publisher\":{\"@id\":\"https:\/\/milwaukeeclt.org\/#organization\"},\"potentialAction\":[{\"@type\":\"SearchAction\",\"target\":{\"@type\":\"EntryPoint\",\"urlTemplate\":\"https:\/\/milwaukeeclt.org\/?s={search_term_string}\"},\"query-input\":{\"@type\":\"PropertyValueSpecification\",\"valueRequired\":true,\"valueName\":\"search_term_string\"}}],\"inLanguage\":\"es\"},{\"@type\":\"Organization\",\"@id\":\"https:\/\/milwaukeeclt.org\/#organization\",\"name\":\"Milwaukee Community Land Trust\",\"url\":\"https:\/\/milwaukeeclt.org\/\",\"logo\":{\"@type\":\"ImageObject\",\"inLanguage\":\"es\",\"@id\":\"https:\/\/milwaukeeclt.org\/#\/schema\/logo\/image\/\",\"url\":\"https:\/\/milwaukeeclt.org\/wp-content\/uploads\/2022\/08\/MCLT_Logo_Name.png\",\"contentUrl\":\"https:\/\/milwaukeeclt.org\/wp-content\/uploads\/2022\/08\/MCLT_Logo_Name.png\",\"width\":2350,\"height\":1365,\"caption\":\"Milwaukee Community Land Trust\"},\"image\":{\"@id\":\"https:\/\/milwaukeeclt.org\/#\/schema\/logo\/image\/\"}}]}<\/script>\n<!-- \/ Yoast SEO plugin. -->","yoast_head_json":{"title":"APLICA HOY - Milwaukee Community Land Trust","robots":{"index":"index","follow":"follow","max-snippet":"max-snippet:-1","max-image-preview":"max-image-preview:large","max-video-preview":"max-video-preview:-1"},"canonical":"http:\/\/milwaukeeclt.org\/apply\/","og_locale":"es_ES","og_type":"article","og_title":"APLICA HOY - Milwaukee Community Land Trust","og_description":"Antes de comenzar con la solicitud completa, use esta lista de verificaci\u00f3n r\u00e1pida para ver si califica: Para completar con \u00e9xito la solicitud en l\u00ednea, es importante reunir la documentaci\u00f3n requerida ANTES de comenzar su solicitud. La documentaci\u00f3n e informaci\u00f3n requeridas incluye: Ingreso anual bruto de todos los miembros adultos del hogar. Informaci\u00f3n demogr\u00e1fica de [&hellip;]","og_url":"http:\/\/milwaukeeclt.org\/apply\/","og_site_name":"Milwaukee Community Land Trust","article_modified_time":"2023-02-21T05:13:52+00:00","twitter_card":"summary_large_image","twitter_misc":{"Tiempo de lectura":"1 minuto"},"schema":{"@context":"https:\/\/schema.org","@graph":[{"@type":"WebPage","@id":"http:\/\/milwaukeeclt.org\/apply\/","url":"http:\/\/milwaukeeclt.org\/apply\/","name":"APLICA HOY - Milwaukee Community Land Trust","isPartOf":{"@id":"https:\/\/milwaukeeclt.org\/#website"},"datePublished":"2022-08-25T18:52:11+00:00","dateModified":"2023-02-21T05:13:52+00:00","breadcrumb":{"@id":"http:\/\/milwaukeeclt.org\/apply\/#breadcrumb"},"inLanguage":"es","potentialAction":[{"@type":"ReadAction","target":["http:\/\/milwaukeeclt.org\/apply\/"]}]},{"@type":"BreadcrumbList","@id":"http:\/\/milwaukeeclt.org\/apply\/#breadcrumb","itemListElement":[{"@type":"ListItem","position":1,"name":"Home","item":"http:\/\/milwaukeeclt.org\/"},{"@type":"ListItem","position":2,"name":"APLICA HOY"}]},{"@type":"WebSite","@id":"https:\/\/milwaukeeclt.org\/#website","url":"https:\/\/milwaukeeclt.org\/","name":"Milwaukee Community Land Trust","description":"Affordable Housing for Everyone, Forever","publisher":{"@id":"https:\/\/milwaukeeclt.org\/#organization"},"potentialAction":[{"@type":"SearchAction","target":{"@type":"EntryPoint","urlTemplate":"https:\/\/milwaukeeclt.org\/?s={search_term_string}"},"query-input":{"@type":"PropertyValueSpecification","valueRequired":true,"valueName":"search_term_string"}}],"inLanguage":"es"},{"@type":"Organization","@id":"https:\/\/milwaukeeclt.org\/#organization","name":"Milwaukee Community Land Trust","url":"https:\/\/milwaukeeclt.org\/","logo":{"@type":"ImageObject","inLanguage":"es","@id":"https:\/\/milwaukeeclt.org\/#\/schema\/logo\/image\/","url":"https:\/\/milwaukeeclt.org\/wp-content\/uploads\/2022\/08\/MCLT_Logo_Name.png","contentUrl":"https:\/\/milwaukeeclt.org\/wp-content\/uploads\/2022\/08\/MCLT_Logo_Name.png","width":2350,"height":1365,"caption":"Milwaukee Community Land Trust"},"image":{"@id":"https:\/\/milwaukeeclt.org\/#\/schema\/logo\/image\/"}}]}},"_links":{"self":[{"href":"https:\/\/milwaukeeclt.org\/es\/wp-json\/wp\/v2\/pages\/1805","targetHints":{"allow":["GET"]}}],"collection":[{"href":"https:\/\/milwaukeeclt.org\/es\/wp-json\/wp\/v2\/pages"}],"about":[{"href":"https:\/\/milwaukeeclt.org\/es\/wp-json\/wp\/v2\/types\/page"}],"author":[{"embeddable":true,"href":"https:\/\/milwaukeeclt.org\/es\/wp-json\/wp\/v2\/users\/2"}],"replies":[{"embeddable":true,"href":"https:\/\/milwaukeeclt.org\/es\/wp-json\/wp\/v2\/comments?post=1805"}],"version-history":[{"count":15,"href":"https:\/\/milwaukeeclt.org\/es\/wp-json\/wp\/v2\/pages\/1805\/revisions"}],"predecessor-version":[{"id":1926,"href":"https:\/\/milwaukeeclt.org\/es\/wp-json\/wp\/v2\/pages\/1805\/revisions\/1926"}],"wp:attachment":[{"href":"https:\/\/milwaukeeclt.org\/es\/wp-json\/wp\/v2\/media?parent=1805"}],"curies":[{"name":"wp","href":"https:\/\/api.w.org\/{rel}","templated":true}]}}