{"id":1819,"date":"2022-08-17T18:53:42","date_gmt":"2022-08-17T18:53:42","guid":{"rendered":"https:\/\/milwaukeeclt.org\/antecedentes\/"},"modified":"2022-11-23T04:23:21","modified_gmt":"2022-11-23T04:23:21","slug":"antecedentes","status":"publish","type":"page","link":"https:\/\/milwaukeeclt.org\/es\/antecedentes\/","title":{"rendered":"ANTECEDENTES"},"content":{"rendered":"\n<h2 class=\"wp-block-heading\">Nuestro prop\u00f3sito<\/h2>\n\n<p>El MCLT est\u00e1 reci\u00e9n comenzando y nuestras metas son agresivas. Planeamos tener nuestras primeras cinco casas para fines de 2022, agregar 12 casas m\u00e1s en 2023 y 24 en 2024. \u00bfPor qu\u00e9? Debido a que la crisis de vivienda en la Ciudad de Milwaukee es profunda y severa. Seg\u00fan el informe de julio de 2022 del Foro de Pol\u00edticas de Wisconsin: <\/p>\n\n<blockquote class=\"wp-block-quote is-layout-flow wp-block-quote-is-layout-flow\"><p>\n          <em>Milwaukee se destaca entre sus ciudades a la par por su marcada inequidad racial en la propiedad de vivienda&#8230; Seg\u00fan estimaciones de cinco a\u00f1os de 2020 de la Oficina del Censo de EE. UU.: la tasa de propiedad de vivienda blanca de Milwaukee fue del 55.8 %, &#8230; la tasa de propiedad de vivienda hispana fue del 38.5 % y la tasa de propiedad de vivienda negra fue del 25.2 %, el m\u00e1s bajo entre ciudades pares.<\/em>\n        <\/p><cite>Informe de julio de 2022 del Foro de Pol\u00edticas de Wisconsin<\/cite><\/blockquote>\n\n<p>El MCLT es una soluci\u00f3n poderosa y permanente para las personas de bajos ingresos que hist\u00f3ricamente han estado excluidas de la propiedad de vivienda. Somos una soluci\u00f3n poderosa y permanente a los problemas de inestabilidad, gentrificaci\u00f3n y desplazamiento de los vecindarios.<\/p>\n\n<p>Estamos construyendo personas m\u00e1s fuertes, familias m\u00e1s fuertes, vecindarios m\u00e1s fuertes y un Milwaukee m\u00e1s fuerte. Nuestro impacto repercutir\u00e1 en Milwaukee durante generaciones.<\/p>\n<div class=\"wp-block-image\">\n<figure class=\"aligncenter size-large\"><img fetchpriority=\"high\" decoding=\"async\" width=\"792\" height=\"1024\" src=\"https:\/\/milwaukeeclt.org\/wp-content\/uploads\/2022\/08\/mclt-infographic-lg-792x1024.png\" alt=\"\" class=\"wp-image-1529\"\/><\/figure><\/div>","protected":false},"excerpt":{"rendered":"<p>Nuestro prop\u00f3sito El MCLT est\u00e1 reci\u00e9n comenzando y nuestras metas son agresivas. Planeamos tener nuestras primeras cinco casas para fines de 2022, agregar 12 casas m\u00e1s en 2023 y 24 en 2024. \u00bfPor qu\u00e9? Debido a que la crisis de vivienda en la Ciudad de Milwaukee es profunda y severa. Seg\u00fan el informe de julio [&hellip;]<\/p>\n","protected":false},"author":2,"featured_media":0,"parent":0,"menu_order":0,"comment_status":"closed","ping_status":"closed","template":"","meta":{"footnotes":""},"class_list":["post-1819","page","type-page","status-publish","hentry"],"yoast_head":"<!-- This site is optimized with the Yoast SEO plugin v24.6 - https:\/\/yoast.com\/wordpress\/plugins\/seo\/ -->\n<title>ANTECEDENTES - Milwaukee Community Land Trust<\/title>\n<meta name=\"robots\" content=\"index, follow, max-snippet:-1, max-image-preview:large, max-video-preview:-1\" \/>\n<link rel=\"canonical\" href=\"http:\/\/milwaukeeclt.org\/background\/\" \/>\n<meta property=\"og:locale\" content=\"es_ES\" \/>\n<meta property=\"og:type\" content=\"article\" \/>\n<meta property=\"og:title\" content=\"ANTECEDENTES - Milwaukee Community Land Trust\" \/>\n<meta property=\"og:description\" content=\"Nuestro prop\u00f3sito El MCLT est\u00e1 reci\u00e9n comenzando y nuestras metas son agresivas. Planeamos tener nuestras primeras cinco casas para fines de 2022, agregar 12 casas m\u00e1s en 2023 y 24 en 2024. \u00bfPor qu\u00e9? Debido a que la crisis de vivienda en la Ciudad de Milwaukee es profunda y severa. Seg\u00fan el informe de julio [&hellip;]\" \/>\n<meta property=\"og:url\" content=\"http:\/\/milwaukeeclt.org\/background\/\" \/>\n<meta property=\"og:site_name\" content=\"Milwaukee Community Land Trust\" \/>\n<meta property=\"article:modified_time\" content=\"2022-11-23T04:23:21+00:00\" \/>\n<meta property=\"og:image\" content=\"https:\/\/milwaukeeclt.org\/wp-content\/uploads\/2022\/08\/mclt-infographic-lg-792x1024.png\" \/>\n<meta name=\"twitter:card\" content=\"summary_large_image\" \/>\n<meta name=\"twitter:label1\" content=\"Tiempo de lectura\" \/>\n\t<meta name=\"twitter:data1\" content=\"1 minuto\" \/>\n<script type=\"application\/ld+json\" class=\"yoast-schema-graph\">{\"@context\":\"https:\/\/schema.org\",\"@graph\":[{\"@type\":\"WebPage\",\"@id\":\"http:\/\/milwaukeeclt.org\/background\/\",\"url\":\"http:\/\/milwaukeeclt.org\/background\/\",\"name\":\"ANTECEDENTES - Milwaukee Community Land Trust\",\"isPartOf\":{\"@id\":\"https:\/\/milwaukeeclt.org\/#website\"},\"primaryImageOfPage\":{\"@id\":\"http:\/\/milwaukeeclt.org\/background\/#primaryimage\"},\"image\":{\"@id\":\"http:\/\/milwaukeeclt.org\/background\/#primaryimage\"},\"thumbnailUrl\":\"https:\/\/milwaukeeclt.org\/wp-content\/uploads\/2022\/08\/mclt-infographic-lg-792x1024.png\",\"datePublished\":\"2022-08-17T18:53:42+00:00\",\"dateModified\":\"2022-11-23T04:23:21+00:00\",\"breadcrumb\":{\"@id\":\"http:\/\/milwaukeeclt.org\/background\/#breadcrumb\"},\"inLanguage\":\"es\",\"potentialAction\":[{\"@type\":\"ReadAction\",\"target\":[\"http:\/\/milwaukeeclt.org\/background\/\"]}]},{\"@type\":\"ImageObject\",\"inLanguage\":\"es\",\"@id\":\"http:\/\/milwaukeeclt.org\/background\/#primaryimage\",\"url\":\"https:\/\/milwaukeeclt.org\/wp-content\/uploads\/2022\/08\/mclt-infographic-lg-792x1024.png\",\"contentUrl\":\"https:\/\/milwaukeeclt.org\/wp-content\/uploads\/2022\/08\/mclt-infographic-lg-792x1024.png\"},{\"@type\":\"BreadcrumbList\",\"@id\":\"http:\/\/milwaukeeclt.org\/background\/#breadcrumb\",\"itemListElement\":[{\"@type\":\"ListItem\",\"position\":1,\"name\":\"Home\",\"item\":\"http:\/\/milwaukeeclt.org\/\"},{\"@type\":\"ListItem\",\"position\":2,\"name\":\"ANTECEDENTES\"}]},{\"@type\":\"WebSite\",\"@id\":\"https:\/\/milwaukeeclt.org\/#website\",\"url\":\"https:\/\/milwaukeeclt.org\/\",\"name\":\"Milwaukee Community Land Trust\",\"description\":\"Affordable Housing for Everyone, Forever\",\"publisher\":{\"@id\":\"https:\/\/milwaukeeclt.org\/#organization\"},\"potentialAction\":[{\"@type\":\"SearchAction\",\"target\":{\"@type\":\"EntryPoint\",\"urlTemplate\":\"https:\/\/milwaukeeclt.org\/?s={search_term_string}\"},\"query-input\":{\"@type\":\"PropertyValueSpecification\",\"valueRequired\":true,\"valueName\":\"search_term_string\"}}],\"inLanguage\":\"es\"},{\"@type\":\"Organization\",\"@id\":\"https:\/\/milwaukeeclt.org\/#organization\",\"name\":\"Milwaukee Community Land Trust\",\"url\":\"https:\/\/milwaukeeclt.org\/\",\"logo\":{\"@type\":\"ImageObject\",\"inLanguage\":\"es\",\"@id\":\"https:\/\/milwaukeeclt.org\/#\/schema\/logo\/image\/\",\"url\":\"https:\/\/milwaukeeclt.org\/wp-content\/uploads\/2022\/08\/MCLT_Logo_Name.png\",\"contentUrl\":\"https:\/\/milwaukeeclt.org\/wp-content\/uploads\/2022\/08\/MCLT_Logo_Name.png\",\"width\":2350,\"height\":1365,\"caption\":\"Milwaukee Community Land Trust\"},\"image\":{\"@id\":\"https:\/\/milwaukeeclt.org\/#\/schema\/logo\/image\/\"}}]}<\/script>\n<!-- \/ Yoast SEO plugin. -->","yoast_head_json":{"title":"ANTECEDENTES - Milwaukee Community Land Trust","robots":{"index":"index","follow":"follow","max-snippet":"max-snippet:-1","max-image-preview":"max-image-preview:large","max-video-preview":"max-video-preview:-1"},"canonical":"http:\/\/milwaukeeclt.org\/background\/","og_locale":"es_ES","og_type":"article","og_title":"ANTECEDENTES - Milwaukee Community Land Trust","og_description":"Nuestro prop\u00f3sito El MCLT est\u00e1 reci\u00e9n comenzando y nuestras metas son agresivas. Planeamos tener nuestras primeras cinco casas para fines de 2022, agregar 12 casas m\u00e1s en 2023 y 24 en 2024. \u00bfPor qu\u00e9? Debido a que la crisis de vivienda en la Ciudad de Milwaukee es profunda y severa. Seg\u00fan el informe de julio [&hellip;]","og_url":"http:\/\/milwaukeeclt.org\/background\/","og_site_name":"Milwaukee Community Land Trust","article_modified_time":"2022-11-23T04:23:21+00:00","og_image":[{"url":"https:\/\/milwaukeeclt.org\/wp-content\/uploads\/2022\/08\/mclt-infographic-lg-792x1024.png","type":"","width":"","height":""}],"twitter_card":"summary_large_image","twitter_misc":{"Tiempo de lectura":"1 minuto"},"schema":{"@context":"https:\/\/schema.org","@graph":[{"@type":"WebPage","@id":"http:\/\/milwaukeeclt.org\/background\/","url":"http:\/\/milwaukeeclt.org\/background\/","name":"ANTECEDENTES - Milwaukee Community Land Trust","isPartOf":{"@id":"https:\/\/milwaukeeclt.org\/#website"},"primaryImageOfPage":{"@id":"http:\/\/milwaukeeclt.org\/background\/#primaryimage"},"image":{"@id":"http:\/\/milwaukeeclt.org\/background\/#primaryimage"},"thumbnailUrl":"https:\/\/milwaukeeclt.org\/wp-content\/uploads\/2022\/08\/mclt-infographic-lg-792x1024.png","datePublished":"2022-08-17T18:53:42+00:00","dateModified":"2022-11-23T04:23:21+00:00","breadcrumb":{"@id":"http:\/\/milwaukeeclt.org\/background\/#breadcrumb"},"inLanguage":"es","potentialAction":[{"@type":"ReadAction","target":["http:\/\/milwaukeeclt.org\/background\/"]}]},{"@type":"ImageObject","inLanguage":"es","@id":"http:\/\/milwaukeeclt.org\/background\/#primaryimage","url":"https:\/\/milwaukeeclt.org\/wp-content\/uploads\/2022\/08\/mclt-infographic-lg-792x1024.png","contentUrl":"https:\/\/milwaukeeclt.org\/wp-content\/uploads\/2022\/08\/mclt-infographic-lg-792x1024.png"},{"@type":"BreadcrumbList","@id":"http:\/\/milwaukeeclt.org\/background\/#breadcrumb","itemListElement":[{"@type":"ListItem","position":1,"name":"Home","item":"http:\/\/milwaukeeclt.org\/"},{"@type":"ListItem","position":2,"name":"ANTECEDENTES"}]},{"@type":"WebSite","@id":"https:\/\/milwaukeeclt.org\/#website","url":"https:\/\/milwaukeeclt.org\/","name":"Milwaukee Community Land Trust","description":"Affordable Housing for Everyone, Forever","publisher":{"@id":"https:\/\/milwaukeeclt.org\/#organization"},"potentialAction":[{"@type":"SearchAction","target":{"@type":"EntryPoint","urlTemplate":"https:\/\/milwaukeeclt.org\/?s={search_term_string}"},"query-input":{"@type":"PropertyValueSpecification","valueRequired":true,"valueName":"search_term_string"}}],"inLanguage":"es"},{"@type":"Organization","@id":"https:\/\/milwaukeeclt.org\/#organization","name":"Milwaukee Community Land Trust","url":"https:\/\/milwaukeeclt.org\/","logo":{"@type":"ImageObject","inLanguage":"es","@id":"https:\/\/milwaukeeclt.org\/#\/schema\/logo\/image\/","url":"https:\/\/milwaukeeclt.org\/wp-content\/uploads\/2022\/08\/MCLT_Logo_Name.png","contentUrl":"https:\/\/milwaukeeclt.org\/wp-content\/uploads\/2022\/08\/MCLT_Logo_Name.png","width":2350,"height":1365,"caption":"Milwaukee Community Land Trust"},"image":{"@id":"https:\/\/milwaukeeclt.org\/#\/schema\/logo\/image\/"}}]}},"_links":{"self":[{"href":"https:\/\/milwaukeeclt.org\/es\/wp-json\/wp\/v2\/pages\/1819","targetHints":{"allow":["GET"]}}],"collection":[{"href":"https:\/\/milwaukeeclt.org\/es\/wp-json\/wp\/v2\/pages"}],"about":[{"href":"https:\/\/milwaukeeclt.org\/es\/wp-json\/wp\/v2\/types\/page"}],"author":[{"embeddable":true,"href":"https:\/\/milwaukeeclt.org\/es\/wp-json\/wp\/v2\/users\/2"}],"replies":[{"embeddable":true,"href":"https:\/\/milwaukeeclt.org\/es\/wp-json\/wp\/v2\/comments?post=1819"}],"version-history":[{"count":1,"href":"https:\/\/milwaukeeclt.org\/es\/wp-json\/wp\/v2\/pages\/1819\/revisions"}],"predecessor-version":[{"id":1820,"href":"https:\/\/milwaukeeclt.org\/es\/wp-json\/wp\/v2\/pages\/1819\/revisions\/1820"}],"wp:attachment":[{"href":"https:\/\/milwaukeeclt.org\/es\/wp-json\/wp\/v2\/media?parent=1819"}],"curies":[{"name":"wp","href":"https:\/\/api.w.org\/{rel}","templated":true}]}}