{"id":1821,"date":"2019-04-20T08:37:05","date_gmt":"2019-04-20T08:37:05","guid":{"rendered":"https:\/\/milwaukeeclt.org\/el-equipo-mclt\/"},"modified":"2022-11-23T04:37:55","modified_gmt":"2022-11-23T04:37:55","slug":"el-equipo-mclt","status":"publish","type":"page","link":"https:\/\/milwaukeeclt.org\/es\/el-equipo-mclt\/","title":{"rendered":"EL EQUIPO MCLT"},"content":{"rendered":"\n<h1 class=\"wp-block-heading\">Conozca al equipo<\/h1>\n\n<p>El MCLT actualmente opera con un director ejecutivo, Lamont Davis, un administrador voluntario a tiempo parcial y una Junta Directiva activa que es elegida por los miembros. Para brindar equilibrio a su gobierno centrado en la comunidad, los miembros de la junta de MCLT se eligen de tres grupos: propietarios de viviendas de MCLT, miembros de la comunidad y representantes p\u00fablicos con las habilidades y la experiencia necesaria. Tanto los miembros de la Junta como los miembros de MCLT trabajan a trav\u00e9s de comit\u00e9s enfocados en adquisici\u00f3n y desarrollo, marketing y comunicaciones, gesti\u00f3n y desarrollo de fondos y finanzas.<\/p>\n\n<div style=\"height:30px\" aria-hidden=\"true\" class=\"wp-block-spacer\"><\/div>\n\n<hr class=\"wp-block-separator has-css-opacity is-style-wide\"\/>\n\n<div style=\"height:30px\" aria-hidden=\"true\" class=\"wp-block-spacer\"><\/div>\n\n<h2 class=\"has-text-align-center wp-block-heading\" id=\"current-board-of-directors\">\n          <span style=\"font-weight: 400;\">\n            <strong>Junta Directiva<\/strong>\n          <\/span>\n        <\/h2>\n\n<div style=\"height:30px\" aria-hidden=\"true\" class=\"wp-block-spacer\"><\/div>\n\n<div class=\"wp-block-columns is-layout-flex wp-container-core-columns-is-layout-1 wp-block-columns-is-layout-flex\">\n<div class=\"wp-block-column is-layout-flow wp-block-column-is-layout-flow\">\n<h4 class=\"wp-block-heading\" id=\"rusty-borkin-president\">\n          <strong>Rusty Borkin | Presidente<\/strong>\n        <\/h4>\n\n\n\n<p>La experiencia profesional de Rusty abarca d\u00e9cadas en organizaciones privadas, p\u00fablicas y sin fines de lucro, centr\u00e1ndose en el desarrollo organizacional y de liderazgo. M\u00e1s recientemente se ha dedicado al trabajo comunitario: ayudando a Walnut Way Conservation Corp. a hacer crecer sus programas de creaci\u00f3n de riqueza comunitaria, sirviendo como especialista en divulgaci\u00f3n para JobsWork MKE y como organizador comunitario para Common Ground.<\/p>\n<\/div>\n\n\n\n<div class=\"wp-block-column is-layout-flow wp-block-column-is-layout-flow\">\n<h4 class=\"wp-block-heading\" id=\"teresa-thomas-boyd\">Teresa Thomas-Boyd | Vicepresidenta<\/h4>\n\n\n\n<p>\n          <span style=\"font-weight: 400;\">El trabajo de Teresa incluye SDC, Wisconsin Citizen Action como organizadora principal y directora de Milwaukee, Central City Churches como directora ejecutiva y asesora delegada de participaci\u00f3n c\u00edvica del Partido Dem\u00f3crata, la campa\u00f1a de Obama, el comit\u00e9 anfitri\u00f3n de DNC y la Convenci\u00f3n 2020 y ahora con Walnut Way Conservation Corporation como l\u00edder del equipo NID. Como pastora local de 20 a\u00f1os, sus relaciones son amplias con m\u00e1s de 60 organizaciones sin fines de lucro, cientos de iglesias y grupos fe comunitarios, una historia de trabajo con funcionarios electos del condado, la ciudad y a lo largo del estado y un nuevo propietario de una peque\u00f1a empresa.<\/span>\n        <\/p>\n<\/div>\n\n\n\n<div class=\"wp-block-column is-layout-flow wp-block-column-is-layout-flow\">\n<h4 class=\"wp-block-heading\" id=\"bill-kopka-secretary\">\n          <strong>Bill Kopka | Secretario<\/strong>\n        <\/h4>\n\n\n\n<p>Bill es un profesional hipotecario experimentado, con experiencia que va desde ventas y servicios hasta operaciones y aseguramiento. Bill tiene m\u00e1s de 8 a\u00f1os de experiencia en la gesti\u00f3n de aseguramiento para CLTs. En su puesto actual, es responsable de responsabilidad comunitaria de Associated Bank, centrado en el desarrollo comunitario y las estrategias de CRA. Bill ha sido miembro de la junta de MCLT durante 5 a\u00f1os y tiene otra experiencia en la junta con Wisconsin Habitat for Humanity y otras organizaciones filantr\u00f3picas enfocadas en las sin fines de lucro. Bill vive en Wauwatosa, pero trabaja y juega en el \u00e1rea metropolitana de Milwaukee. <\/p>\n<\/div>\n<\/div>\n\n<div class=\"wp-block-columns is-layout-flex wp-container-core-columns-is-layout-2 wp-block-columns-is-layout-flex\">\n<div class=\"wp-block-column is-layout-flow wp-block-column-is-layout-flow\">\n<h4 class=\"wp-block-heading\">Mikal Wesley | Tesorero<\/h4>\n\n\n\n<p>Mikal Wesley es un empresario inmobiliario que lleva 15 a\u00f1os invirtiendo en bienes ra\u00edces. Mikal se inici\u00f3 en bienes ra\u00edces comprando propiedades de inversi\u00f3n. Se mud\u00f3 al espacio de administraci\u00f3n de propiedades antes de emprender su primer esfuerzo en el espacio de desarrollo. Mikal fund\u00f3 Urbane Communities en 2016 para centrarse en mejorar los vecindarios a trav\u00e9s de desarrollos e inversiones catal\u00edticos. Mikal se asoci\u00f3 en un proyecto de remodelaci\u00f3n de bienes ra\u00edces en el vecindario de Sherman Park en el lado norte de Milwaukee, que trajo 167 unidades de viviendas accesibles al vecindario. <\/p>\n<\/div>\n\n\n\n<div class=\"wp-block-column is-layout-flow wp-block-column-is-layout-flow\">\n<h4 class=\"wp-block-heading\">Antonio Butts<\/h4>\n\n\n\n<p>Antonio Butts, director ejecutivo de Walnut Way Conservation Corp., es un l\u00edder catal\u00edtico apasionado por transformar comunidades econ\u00f3micamente excluidas en vecindarios de salud y prosperidad. La carrera de Antonio est\u00e1 marcada por su estilo de liderazgo colaborativo y su capacidad para crear empresas sociales con impacto econ\u00f3mico y social.<\/p>\n\n\n\n<p>A lo largo de su carrera, Antonio ha ocupado puestos de liderazgo comunitario y de desarrollo econ\u00f3mico en Fondy Food Center, Boys &amp; Girls Clubs y SHARE of SE Wisconsin.<\/p>\n\n\n\n<p>Actualmente, Antonio tambi\u00e9n es miembro de la Junta Directiva de Imagine MKE y JobsWork MKE.<\/p>\n<\/div>\n\n\n\n<div class=\"wp-block-column is-layout-flow wp-block-column-is-layout-flow\">\n<h4 class=\"wp-block-heading\" id=\"bethany-sanchez\">\n          <strong>Bethany Sanchez<\/strong>\n        <\/h4>\n\n\n\n<p>Bethany Sanchez dirige el Programa de Pr\u00e9stamos Justos en el Consejo Metropolitano de Casa Justa de Milwaukee, trabajando para asegurar que todos los prestatarios dignos de cr\u00e9dito tengan el mismo acceso al cr\u00e9dito a un precio justo. En esta posici\u00f3n en MMFHC por 21 a\u00f1os ella trabajo atreves de sectores para desarrollar y operar iniciativas para motivar oportunidades sostenibles de propiedad de vivienda y combatir los pr\u00e9stamos abusivos y las ejecuciones hipotecarias. Bethany tiene m\u00e1s de 40 a\u00f1os de experiencia trabajando en el sector de desarrollo comunitario y vivienda sin fines de lucro en California y Wisconsin.<\/p>\n<\/div>\n<\/div>\n\n<div class=\"wp-block-columns is-layout-flex wp-container-core-columns-is-layout-3 wp-block-columns-is-layout-flex\">\n<div class=\"wp-block-column is-layout-flow wp-block-column-is-layout-flow\">\n<h4 class=\"wp-block-heading\" id=\"dana-williamson-treasurer\">\n          <strong><strong>Dana Williamson<\/strong> <\/strong>\n        <\/h4>\n\n\n\n<p>Dana Williamson es una empresaria como consejera de negocios y estilo de vida para B.A.D. Bendito, Ungido y Destinado, LLC. Su experiencia en vivienda y desarrollo comunitario proviene de su servicio voluntario en varias organizaciones en todo Milwaukee, siendo la presidenta de vivienda y desarrollo econ\u00f3mico de Amani United y viviendo en el vecindario de Amani durante m\u00e1s de cuatro a\u00f1os. Dana tambi\u00e9n tiene certificaciones en construcci\u00f3n b\u00e1sica que ayudan a comprender las necesidades de construcci\u00f3n de la comunidad. <\/p>\n<\/div>\n\n\n\n<div class=\"wp-block-column is-layout-flow wp-block-column-is-layout-flow\">\n<h4 class=\"wp-block-heading\">Dynasty Caesar<\/h4>\n\n\n\n<p>Dynasty ha trabajado durante varios a\u00f1os como organizadora comunitaria, actualmente con The Redress Movement.<\/p>\n<\/div>\n\n\n\n<div class=\"wp-block-column is-layout-flow wp-block-column-is-layout-flow\">\n<h4 class=\"wp-block-heading\" id=\"jonatan-zuniga\">Jonatan Z\u00fa\u00f1iga<\/h4>\n\n\n\n<p>Jonatan es el director Adjunto de la Comisi\u00f3n Electoral de la Ciudad de Milwaukee. Antes de eso, fue director de Alcance y Compromiso en Layton Boulevard West Neighbors (ahora VIA CDC). Jonatan recibi\u00f3 el premio Trailblazer 2018 de Milwaukee LISC y el premio Future Leader 2017 de Hispanic Professionals of Greater Milwaukee.<\/p>\n<\/div>\n<\/div>\n\n<h2 class=\"has-text-align-center wp-block-heading\" id=\"staff\">El Personal<\/h2>\n\n<div style=\"height:30px\" aria-hidden=\"true\" class=\"wp-block-spacer\"><\/div>\n\n<div class=\"wp-block-columns is-layout-flex wp-container-core-columns-is-layout-4 wp-block-columns-is-layout-flex\">\n<div class=\"wp-block-column is-layout-flow wp-block-column-is-layout-flow\">\n<h4 class=\"wp-block-heading\" id=\"lamont-davis-executive-director\">Lamont Davis | Directo Ejecutivo<\/h4>\n\n\n\n<p>Lamont tiene una carrera de 20 a\u00f1os mejorando las condiciones de vivienda en los vecindarios desfavorecidos de Milwaukee. Fue cofundador de Community First, que ayuda a las familias con las reparaciones del hogar, y se desempe\u00f1\u00f3 como director del programa durante varios a\u00f1os. Ha trabajado para varias otras organizaciones sin fines de lucro que desarrollan e implementan programas de vivienda para hogares de ingresos bajos a moderados. Lamont se desempe\u00f1a como presidente de la Community Insurance Inforamtion Center y miembro de la Junta de Washington Park NID #3 y United Methodist Children&#8217;s Services. Es un miembro activo de la coalici\u00f3n Reclaiming Our Neighborhoods, Take Root Milwaukee y Community Development Alliance.<\/p>\n<\/div>\n\n\n\n<div class=\"wp-block-column is-layout-flow wp-block-column-is-layout-flow\">\n<h4 class=\"wp-block-heading\" id=\"chris-krco-volunteer-administrator\">Chris Krco | Administrador Voluntario<\/h4>\n\n\n\n<p>Chris es el fundador de MCLT y realiza un seguimiento de las necesidades administrativas de la organizaci\u00f3n. Tambi\u00e9n es presidente de <a href=\"https:\/\/housing4.us\/\">Vivienda para todos<\/a> y coanfitri\u00f3n de su <a href=\"https:\/\/housing4.us\/h4a\/\">podcast de 4 episodios<\/a> sobre los aspectos b\u00e1sicos de la reforma del sistema de vivienda estadounidense.<\/p>\n<\/div>\n<\/div>\n","protected":false},"excerpt":{"rendered":"<p>Conozca al equipo El MCLT actualmente opera con un director ejecutivo, Lamont Davis, un administrador voluntario a tiempo parcial y una Junta Directiva activa que es elegida por los miembros. Para brindar equilibrio a su gobierno centrado en la comunidad, los miembros de la junta de MCLT se eligen de tres grupos: propietarios de viviendas [&hellip;]<\/p>\n","protected":false},"author":1,"featured_media":0,"parent":0,"menu_order":0,"comment_status":"closed","ping_status":"closed","template":"","meta":{"footnotes":""},"class_list":["post-1821","page","type-page","status-publish","hentry"],"yoast_head":"<!-- This site is optimized with the Yoast SEO plugin v24.6 - https:\/\/yoast.com\/wordpress\/plugins\/seo\/ -->\n<title>EL EQUIPO MCLT - Milwaukee Community Land Trust<\/title>\n<meta name=\"robots\" content=\"index, follow, max-snippet:-1, max-image-preview:large, max-video-preview:-1\" \/>\n<link rel=\"canonical\" href=\"http:\/\/milwaukeeclt.org\/the-mclt-team\/\" \/>\n<meta property=\"og:locale\" content=\"es_ES\" \/>\n<meta property=\"og:type\" content=\"article\" \/>\n<meta property=\"og:title\" content=\"EL EQUIPO MCLT - Milwaukee Community Land Trust\" \/>\n<meta property=\"og:description\" content=\"Conozca al equipo El MCLT actualmente opera con un director ejecutivo, Lamont Davis, un administrador voluntario a tiempo parcial y una Junta Directiva activa que es elegida por los miembros. Para brindar equilibrio a su gobierno centrado en la comunidad, los miembros de la junta de MCLT se eligen de tres grupos: propietarios de viviendas [&hellip;]\" \/>\n<meta property=\"og:url\" content=\"http:\/\/milwaukeeclt.org\/the-mclt-team\/\" \/>\n<meta property=\"og:site_name\" content=\"Milwaukee Community Land Trust\" \/>\n<meta property=\"article:modified_time\" content=\"2022-11-23T04:37:55+00:00\" \/>\n<meta name=\"twitter:card\" content=\"summary_large_image\" \/>\n<meta name=\"twitter:label1\" content=\"Tiempo de lectura\" \/>\n\t<meta name=\"twitter:data1\" content=\"5 minutos\" \/>\n<script type=\"application\/ld+json\" class=\"yoast-schema-graph\">{\"@context\":\"https:\/\/schema.org\",\"@graph\":[{\"@type\":\"WebPage\",\"@id\":\"http:\/\/milwaukeeclt.org\/the-mclt-team\/\",\"url\":\"http:\/\/milwaukeeclt.org\/the-mclt-team\/\",\"name\":\"EL EQUIPO MCLT - Milwaukee Community Land Trust\",\"isPartOf\":{\"@id\":\"https:\/\/milwaukeeclt.org\/#website\"},\"datePublished\":\"2019-04-20T08:37:05+00:00\",\"dateModified\":\"2022-11-23T04:37:55+00:00\",\"breadcrumb\":{\"@id\":\"http:\/\/milwaukeeclt.org\/the-mclt-team\/#breadcrumb\"},\"inLanguage\":\"es\",\"potentialAction\":[{\"@type\":\"ReadAction\",\"target\":[\"http:\/\/milwaukeeclt.org\/the-mclt-team\/\"]}]},{\"@type\":\"BreadcrumbList\",\"@id\":\"http:\/\/milwaukeeclt.org\/the-mclt-team\/#breadcrumb\",\"itemListElement\":[{\"@type\":\"ListItem\",\"position\":1,\"name\":\"Home\",\"item\":\"http:\/\/milwaukeeclt.org\/\"},{\"@type\":\"ListItem\",\"position\":2,\"name\":\"EL EQUIPO MCLT\"}]},{\"@type\":\"WebSite\",\"@id\":\"https:\/\/milwaukeeclt.org\/#website\",\"url\":\"https:\/\/milwaukeeclt.org\/\",\"name\":\"Milwaukee Community Land Trust\",\"description\":\"Affordable Housing for Everyone, Forever\",\"publisher\":{\"@id\":\"https:\/\/milwaukeeclt.org\/#organization\"},\"potentialAction\":[{\"@type\":\"SearchAction\",\"target\":{\"@type\":\"EntryPoint\",\"urlTemplate\":\"https:\/\/milwaukeeclt.org\/?s={search_term_string}\"},\"query-input\":{\"@type\":\"PropertyValueSpecification\",\"valueRequired\":true,\"valueName\":\"search_term_string\"}}],\"inLanguage\":\"es\"},{\"@type\":\"Organization\",\"@id\":\"https:\/\/milwaukeeclt.org\/#organization\",\"name\":\"Milwaukee Community Land Trust\",\"url\":\"https:\/\/milwaukeeclt.org\/\",\"logo\":{\"@type\":\"ImageObject\",\"inLanguage\":\"es\",\"@id\":\"https:\/\/milwaukeeclt.org\/#\/schema\/logo\/image\/\",\"url\":\"https:\/\/milwaukeeclt.org\/wp-content\/uploads\/2022\/08\/MCLT_Logo_Name.png\",\"contentUrl\":\"https:\/\/milwaukeeclt.org\/wp-content\/uploads\/2022\/08\/MCLT_Logo_Name.png\",\"width\":2350,\"height\":1365,\"caption\":\"Milwaukee Community Land Trust\"},\"image\":{\"@id\":\"https:\/\/milwaukeeclt.org\/#\/schema\/logo\/image\/\"}}]}<\/script>\n<!-- \/ Yoast SEO plugin. -->","yoast_head_json":{"title":"EL EQUIPO MCLT - Milwaukee Community Land Trust","robots":{"index":"index","follow":"follow","max-snippet":"max-snippet:-1","max-image-preview":"max-image-preview:large","max-video-preview":"max-video-preview:-1"},"canonical":"http:\/\/milwaukeeclt.org\/the-mclt-team\/","og_locale":"es_ES","og_type":"article","og_title":"EL EQUIPO MCLT - Milwaukee Community Land Trust","og_description":"Conozca al equipo El MCLT actualmente opera con un director ejecutivo, Lamont Davis, un administrador voluntario a tiempo parcial y una Junta Directiva activa que es elegida por los miembros. Para brindar equilibrio a su gobierno centrado en la comunidad, los miembros de la junta de MCLT se eligen de tres grupos: propietarios de viviendas [&hellip;]","og_url":"http:\/\/milwaukeeclt.org\/the-mclt-team\/","og_site_name":"Milwaukee Community Land Trust","article_modified_time":"2022-11-23T04:37:55+00:00","twitter_card":"summary_large_image","twitter_misc":{"Tiempo de lectura":"5 minutos"},"schema":{"@context":"https:\/\/schema.org","@graph":[{"@type":"WebPage","@id":"http:\/\/milwaukeeclt.org\/the-mclt-team\/","url":"http:\/\/milwaukeeclt.org\/the-mclt-team\/","name":"EL EQUIPO MCLT - Milwaukee Community Land Trust","isPartOf":{"@id":"https:\/\/milwaukeeclt.org\/#website"},"datePublished":"2019-04-20T08:37:05+00:00","dateModified":"2022-11-23T04:37:55+00:00","breadcrumb":{"@id":"http:\/\/milwaukeeclt.org\/the-mclt-team\/#breadcrumb"},"inLanguage":"es","potentialAction":[{"@type":"ReadAction","target":["http:\/\/milwaukeeclt.org\/the-mclt-team\/"]}]},{"@type":"BreadcrumbList","@id":"http:\/\/milwaukeeclt.org\/the-mclt-team\/#breadcrumb","itemListElement":[{"@type":"ListItem","position":1,"name":"Home","item":"http:\/\/milwaukeeclt.org\/"},{"@type":"ListItem","position":2,"name":"EL EQUIPO MCLT"}]},{"@type":"WebSite","@id":"https:\/\/milwaukeeclt.org\/#website","url":"https:\/\/milwaukeeclt.org\/","name":"Milwaukee Community Land Trust","description":"Affordable Housing for Everyone, Forever","publisher":{"@id":"https:\/\/milwaukeeclt.org\/#organization"},"potentialAction":[{"@type":"SearchAction","target":{"@type":"EntryPoint","urlTemplate":"https:\/\/milwaukeeclt.org\/?s={search_term_string}"},"query-input":{"@type":"PropertyValueSpecification","valueRequired":true,"valueName":"search_term_string"}}],"inLanguage":"es"},{"@type":"Organization","@id":"https:\/\/milwaukeeclt.org\/#organization","name":"Milwaukee Community Land Trust","url":"https:\/\/milwaukeeclt.org\/","logo":{"@type":"ImageObject","inLanguage":"es","@id":"https:\/\/milwaukeeclt.org\/#\/schema\/logo\/image\/","url":"https:\/\/milwaukeeclt.org\/wp-content\/uploads\/2022\/08\/MCLT_Logo_Name.png","contentUrl":"https:\/\/milwaukeeclt.org\/wp-content\/uploads\/2022\/08\/MCLT_Logo_Name.png","width":2350,"height":1365,"caption":"Milwaukee Community Land Trust"},"image":{"@id":"https:\/\/milwaukeeclt.org\/#\/schema\/logo\/image\/"}}]}},"_links":{"self":[{"href":"https:\/\/milwaukeeclt.org\/es\/wp-json\/wp\/v2\/pages\/1821","targetHints":{"allow":["GET"]}}],"collection":[{"href":"https:\/\/milwaukeeclt.org\/es\/wp-json\/wp\/v2\/pages"}],"about":[{"href":"https:\/\/milwaukeeclt.org\/es\/wp-json\/wp\/v2\/types\/page"}],"author":[{"embeddable":true,"href":"https:\/\/milwaukeeclt.org\/es\/wp-json\/wp\/v2\/users\/1"}],"replies":[{"embeddable":true,"href":"https:\/\/milwaukeeclt.org\/es\/wp-json\/wp\/v2\/comments?post=1821"}],"version-history":[{"count":1,"href":"https:\/\/milwaukeeclt.org\/es\/wp-json\/wp\/v2\/pages\/1821\/revisions"}],"predecessor-version":[{"id":1822,"href":"https:\/\/milwaukeeclt.org\/es\/wp-json\/wp\/v2\/pages\/1821\/revisions\/1822"}],"wp:attachment":[{"href":"https:\/\/milwaukeeclt.org\/es\/wp-json\/wp\/v2\/media?parent=1821"}],"curies":[{"name":"wp","href":"https:\/\/api.w.org\/{rel}","templated":true}]}}