{"id":1833,"date":"2019-12-08T08:17:58","date_gmt":"2019-12-08T08:17:58","guid":{"rendered":"https:\/\/milwaukeeclt.org\/membresia\/"},"modified":"2022-11-23T05:13:47","modified_gmt":"2022-11-23T05:13:47","slug":"membresia","status":"publish","type":"page","link":"https:\/\/milwaukeeclt.org\/es\/membresia\/","title":{"rendered":"Membres\u00eda"},"content":{"rendered":"\n<h2 class=\"wp-block-heading\">\u00danase al Fideicomiso de Tierras Comunitarias de Milwaukee.<\/h2>\n\n<p>Si cree en el poder transformador de la propiedad de vivienda para todos y es residente de la ciudad de Milwaukee, queremos que sea miembro. Y si vives en los vecindarios en los que estamos trabajando, \u00a1a\u00fan mejor! <\/p>\n\n<h4 class=\"wp-block-heading\">\n          <strong>\u00bfQu\u00e9 significa para ti ser miembro? <\/strong>\n        <\/h4>\n\n<p>\n          <strong>Una oportunidad de liderar. <\/strong>\n        <\/p>\n\n<p>Como miembro del MCLT, tienes voz y voto. Tendr\u00e1 la oportunidad de servir en comit\u00e9s, sentarse en la junta directiva y ayudar a construir un futuro que incluya viviendas accesibles para todos, para siempre. <\/p>\n\n<p>\n          <strong>Una oportunidad para servir.<\/strong>\n        <\/p>\n\n<p> Empodera a los nuevos propietarios gui\u00e1ndolos a trav\u00e9s de las responsabilidades cotidianas, desde la elaboraci\u00f3n de presupuestos y el pago de facturas hasta la realizaci\u00f3n de reparaciones sencillas, la elecci\u00f3n de contratistas de confianza y la participaci\u00f3n en su comunidad.<\/p>\n<div class=\"wp-block-image\">\n<figure class=\"aligncenter size-large is-resized\"><img fetchpriority=\"high\" decoding=\"async\" src=\"https:\/\/milwaukeeclt.org\/wp-content\/uploads\/2022\/08\/housing-community-meeting-1024x354.jpg\" alt=\"\" class=\"wp-image-1477\" width=\"837\" height=\"289\"\/><\/figure><\/div>\n<p>\n          <strong>Es f\u00e1cil unirse.<\/strong>\n        <\/p>\n\n<p>Los miembros de MCLT deben vivir en la ciudad de Milwaukee y las cuotas<strong> <\/strong>son de $1 por a\u00f1o. Tambi\u00e9n deben <em>haber expresado inter\u00e9s y apoyo a los ideales del Fideicomiso de Tierras Comunitarias de Milwaukee: que la tierra se debe pose\u00edda para el bien p\u00fablico con supervisi\u00f3n democr\u00e1tica; la implementaci\u00f3n de principios s\u00f3lidos de planificaci\u00f3n urbana en beneficio de la gente de Milwaukee; y que la vivienda accesible es un derecho humano universal.<\/em><\/p>\n\n<p>Para votar en las elecciones anuales que ocurren en el primer trimestre del a\u00f1o, debe haber pagado sus cuotas en ese a\u00f1o en curso. P\u00f3ngase en contacto con Lamont Davis en <a href=\"mailto:lamont@milwaukeeclt.org\">lamont@milwaukeeclt.org<\/a> si tiene preguntas sobre la membres\u00eda.<\/p>\n\n<p>Pague sus cuotas en l\u00ednea o en persona.<\/p>\n\n<p>Puede pagar su cuota de membres\u00eda anual de $1 en persona a Lamont (director ejecutivo; lamont@MilwaukeeCLT.org) o Chris (Administrador; chris@MilwaukeeCLT.org). Debe proporcionar su nombre, direcci\u00f3n y direcci\u00f3n de correo electr\u00f3nico.<\/p>\n\n<p>C\u00f3mo pagar sus cuotas en l\u00ednea:<\/p>\n\n<ul class=\"wp-block-list\"><li>Paso 1: <a href=\"https:\/\/milwaukeeclt.org\/es\/donar\/\" data-type=\"URL\" data-id=\"\/donate\/\">Haz una donaci\u00f3n<\/a> de al menos $1<\/li><li>Paso 2: Complete <a href=\"https:\/\/docs.google.com\/forms\/d\/e\/1FAIpQLSfGj4SPcRuBcaNDiVLWAm3GpiseVA-vPTzcu13j_nsOgpm5XA\/viewform?usp=sf_link\">el formulario de miembro nuevo<\/a> si nunca ha sido miembro antes. Complete este <a href=\"https:\/\/docs.google.com\/forms\/d\/e\/1FAIpQLSdVZJO1LWxuiDJAQ19i1ucT2qXQd67yKYgxVbDGevHTPNILzg\/viewform?usp=sf_link\">formulario de renovaci\u00f3n<\/a> si ha sido miembro en el pasado, incluso si su membres\u00eda caduc\u00f3 (si no est\u00e1 seguro, use el formulario de renovaci\u00f3n).<\/li><li>Haremos coincidir su formulario de membres\u00eda con la donaci\u00f3n que realiz\u00f3.<\/li><\/ul>\n\n<p>Su membres\u00eda es por <em>el a\u00f1o calendario<\/em>. Todas las membres\u00edas vencen el 31 de diciembre y deben renovarse para el nuevo a\u00f1o.<\/p>\n","protected":false},"excerpt":{"rendered":"<p>\u00danase al Fideicomiso de Tierras Comunitarias de Milwaukee. Si cree en el poder transformador de la propiedad de vivienda para todos y es residente de la ciudad de Milwaukee, queremos que sea miembro. Y si vives en los vecindarios en los que estamos trabajando, \u00a1a\u00fan mejor! \u00bfQu\u00e9 significa para ti ser miembro? Una oportunidad de [&hellip;]<\/p>\n","protected":false},"author":1,"featured_media":0,"parent":0,"menu_order":0,"comment_status":"closed","ping_status":"closed","template":"","meta":{"footnotes":""},"class_list":["post-1833","page","type-page","status-publish","hentry"],"yoast_head":"<!-- This site is optimized with the Yoast SEO plugin v24.6 - https:\/\/yoast.com\/wordpress\/plugins\/seo\/ -->\n<title>Membres\u00eda - Milwaukee Community Land Trust<\/title>\n<meta name=\"robots\" content=\"index, follow, max-snippet:-1, max-image-preview:large, max-video-preview:-1\" \/>\n<link rel=\"canonical\" href=\"http:\/\/milwaukeeclt.org\/membership\/\" \/>\n<meta property=\"og:locale\" content=\"es_ES\" \/>\n<meta property=\"og:type\" content=\"article\" \/>\n<meta property=\"og:title\" content=\"Membres\u00eda - Milwaukee Community Land Trust\" \/>\n<meta property=\"og:description\" content=\"\u00danase al Fideicomiso de Tierras Comunitarias de Milwaukee. Si cree en el poder transformador de la propiedad de vivienda para todos y es residente de la ciudad de Milwaukee, queremos que sea miembro. Y si vives en los vecindarios en los que estamos trabajando, \u00a1a\u00fan mejor! \u00bfQu\u00e9 significa para ti ser miembro? Una oportunidad de [&hellip;]\" \/>\n<meta property=\"og:url\" content=\"http:\/\/milwaukeeclt.org\/membership\/\" \/>\n<meta property=\"og:site_name\" content=\"Milwaukee Community Land Trust\" \/>\n<meta property=\"article:modified_time\" content=\"2022-11-23T05:13:47+00:00\" \/>\n<meta property=\"og:image\" content=\"https:\/\/milwaukeeclt.org\/wp-content\/uploads\/2022\/08\/housing-community-meeting-1024x354.jpg\" \/>\n<meta name=\"twitter:card\" content=\"summary_large_image\" \/>\n<meta name=\"twitter:label1\" content=\"Tiempo de lectura\" \/>\n\t<meta name=\"twitter:data1\" content=\"2 minutos\" \/>\n<script type=\"application\/ld+json\" class=\"yoast-schema-graph\">{\"@context\":\"https:\/\/schema.org\",\"@graph\":[{\"@type\":\"WebPage\",\"@id\":\"http:\/\/milwaukeeclt.org\/membership\/\",\"url\":\"http:\/\/milwaukeeclt.org\/membership\/\",\"name\":\"Membres\u00eda - Milwaukee Community Land Trust\",\"isPartOf\":{\"@id\":\"https:\/\/milwaukeeclt.org\/#website\"},\"primaryImageOfPage\":{\"@id\":\"http:\/\/milwaukeeclt.org\/membership\/#primaryimage\"},\"image\":{\"@id\":\"http:\/\/milwaukeeclt.org\/membership\/#primaryimage\"},\"thumbnailUrl\":\"https:\/\/milwaukeeclt.org\/wp-content\/uploads\/2022\/08\/housing-community-meeting-1024x354.jpg\",\"datePublished\":\"2019-12-08T08:17:58+00:00\",\"dateModified\":\"2022-11-23T05:13:47+00:00\",\"breadcrumb\":{\"@id\":\"http:\/\/milwaukeeclt.org\/membership\/#breadcrumb\"},\"inLanguage\":\"es\",\"potentialAction\":[{\"@type\":\"ReadAction\",\"target\":[\"http:\/\/milwaukeeclt.org\/membership\/\"]}]},{\"@type\":\"ImageObject\",\"inLanguage\":\"es\",\"@id\":\"http:\/\/milwaukeeclt.org\/membership\/#primaryimage\",\"url\":\"https:\/\/milwaukeeclt.org\/wp-content\/uploads\/2022\/08\/housing-community-meeting-1024x354.jpg\",\"contentUrl\":\"https:\/\/milwaukeeclt.org\/wp-content\/uploads\/2022\/08\/housing-community-meeting-1024x354.jpg\"},{\"@type\":\"BreadcrumbList\",\"@id\":\"http:\/\/milwaukeeclt.org\/membership\/#breadcrumb\",\"itemListElement\":[{\"@type\":\"ListItem\",\"position\":1,\"name\":\"Home\",\"item\":\"http:\/\/milwaukeeclt.org\/\"},{\"@type\":\"ListItem\",\"position\":2,\"name\":\"Membres\u00eda\"}]},{\"@type\":\"WebSite\",\"@id\":\"https:\/\/milwaukeeclt.org\/#website\",\"url\":\"https:\/\/milwaukeeclt.org\/\",\"name\":\"Milwaukee Community Land Trust\",\"description\":\"Affordable Housing for Everyone, Forever\",\"publisher\":{\"@id\":\"https:\/\/milwaukeeclt.org\/#organization\"},\"potentialAction\":[{\"@type\":\"SearchAction\",\"target\":{\"@type\":\"EntryPoint\",\"urlTemplate\":\"https:\/\/milwaukeeclt.org\/?s={search_term_string}\"},\"query-input\":{\"@type\":\"PropertyValueSpecification\",\"valueRequired\":true,\"valueName\":\"search_term_string\"}}],\"inLanguage\":\"es\"},{\"@type\":\"Organization\",\"@id\":\"https:\/\/milwaukeeclt.org\/#organization\",\"name\":\"Milwaukee Community Land Trust\",\"url\":\"https:\/\/milwaukeeclt.org\/\",\"logo\":{\"@type\":\"ImageObject\",\"inLanguage\":\"es\",\"@id\":\"https:\/\/milwaukeeclt.org\/#\/schema\/logo\/image\/\",\"url\":\"https:\/\/milwaukeeclt.org\/wp-content\/uploads\/2022\/08\/MCLT_Logo_Name.png\",\"contentUrl\":\"https:\/\/milwaukeeclt.org\/wp-content\/uploads\/2022\/08\/MCLT_Logo_Name.png\",\"width\":2350,\"height\":1365,\"caption\":\"Milwaukee Community Land Trust\"},\"image\":{\"@id\":\"https:\/\/milwaukeeclt.org\/#\/schema\/logo\/image\/\"}}]}<\/script>\n<!-- \/ Yoast SEO plugin. -->","yoast_head_json":{"title":"Membres\u00eda - Milwaukee Community Land Trust","robots":{"index":"index","follow":"follow","max-snippet":"max-snippet:-1","max-image-preview":"max-image-preview:large","max-video-preview":"max-video-preview:-1"},"canonical":"http:\/\/milwaukeeclt.org\/membership\/","og_locale":"es_ES","og_type":"article","og_title":"Membres\u00eda - Milwaukee Community Land Trust","og_description":"\u00danase al Fideicomiso de Tierras Comunitarias de Milwaukee. Si cree en el poder transformador de la propiedad de vivienda para todos y es residente de la ciudad de Milwaukee, queremos que sea miembro. Y si vives en los vecindarios en los que estamos trabajando, \u00a1a\u00fan mejor! \u00bfQu\u00e9 significa para ti ser miembro? Una oportunidad de [&hellip;]","og_url":"http:\/\/milwaukeeclt.org\/membership\/","og_site_name":"Milwaukee Community Land Trust","article_modified_time":"2022-11-23T05:13:47+00:00","og_image":[{"url":"https:\/\/milwaukeeclt.org\/wp-content\/uploads\/2022\/08\/housing-community-meeting-1024x354.jpg","type":"","width":"","height":""}],"twitter_card":"summary_large_image","twitter_misc":{"Tiempo de lectura":"2 minutos"},"schema":{"@context":"https:\/\/schema.org","@graph":[{"@type":"WebPage","@id":"http:\/\/milwaukeeclt.org\/membership\/","url":"http:\/\/milwaukeeclt.org\/membership\/","name":"Membres\u00eda - Milwaukee Community Land Trust","isPartOf":{"@id":"https:\/\/milwaukeeclt.org\/#website"},"primaryImageOfPage":{"@id":"http:\/\/milwaukeeclt.org\/membership\/#primaryimage"},"image":{"@id":"http:\/\/milwaukeeclt.org\/membership\/#primaryimage"},"thumbnailUrl":"https:\/\/milwaukeeclt.org\/wp-content\/uploads\/2022\/08\/housing-community-meeting-1024x354.jpg","datePublished":"2019-12-08T08:17:58+00:00","dateModified":"2022-11-23T05:13:47+00:00","breadcrumb":{"@id":"http:\/\/milwaukeeclt.org\/membership\/#breadcrumb"},"inLanguage":"es","potentialAction":[{"@type":"ReadAction","target":["http:\/\/milwaukeeclt.org\/membership\/"]}]},{"@type":"ImageObject","inLanguage":"es","@id":"http:\/\/milwaukeeclt.org\/membership\/#primaryimage","url":"https:\/\/milwaukeeclt.org\/wp-content\/uploads\/2022\/08\/housing-community-meeting-1024x354.jpg","contentUrl":"https:\/\/milwaukeeclt.org\/wp-content\/uploads\/2022\/08\/housing-community-meeting-1024x354.jpg"},{"@type":"BreadcrumbList","@id":"http:\/\/milwaukeeclt.org\/membership\/#breadcrumb","itemListElement":[{"@type":"ListItem","position":1,"name":"Home","item":"http:\/\/milwaukeeclt.org\/"},{"@type":"ListItem","position":2,"name":"Membres\u00eda"}]},{"@type":"WebSite","@id":"https:\/\/milwaukeeclt.org\/#website","url":"https:\/\/milwaukeeclt.org\/","name":"Milwaukee Community Land Trust","description":"Affordable Housing for Everyone, Forever","publisher":{"@id":"https:\/\/milwaukeeclt.org\/#organization"},"potentialAction":[{"@type":"SearchAction","target":{"@type":"EntryPoint","urlTemplate":"https:\/\/milwaukeeclt.org\/?s={search_term_string}"},"query-input":{"@type":"PropertyValueSpecification","valueRequired":true,"valueName":"search_term_string"}}],"inLanguage":"es"},{"@type":"Organization","@id":"https:\/\/milwaukeeclt.org\/#organization","name":"Milwaukee Community Land Trust","url":"https:\/\/milwaukeeclt.org\/","logo":{"@type":"ImageObject","inLanguage":"es","@id":"https:\/\/milwaukeeclt.org\/#\/schema\/logo\/image\/","url":"https:\/\/milwaukeeclt.org\/wp-content\/uploads\/2022\/08\/MCLT_Logo_Name.png","contentUrl":"https:\/\/milwaukeeclt.org\/wp-content\/uploads\/2022\/08\/MCLT_Logo_Name.png","width":2350,"height":1365,"caption":"Milwaukee Community Land Trust"},"image":{"@id":"https:\/\/milwaukeeclt.org\/#\/schema\/logo\/image\/"}}]}},"_links":{"self":[{"href":"https:\/\/milwaukeeclt.org\/es\/wp-json\/wp\/v2\/pages\/1833","targetHints":{"allow":["GET"]}}],"collection":[{"href":"https:\/\/milwaukeeclt.org\/es\/wp-json\/wp\/v2\/pages"}],"about":[{"href":"https:\/\/milwaukeeclt.org\/es\/wp-json\/wp\/v2\/types\/page"}],"author":[{"embeddable":true,"href":"https:\/\/milwaukeeclt.org\/es\/wp-json\/wp\/v2\/users\/1"}],"replies":[{"embeddable":true,"href":"https:\/\/milwaukeeclt.org\/es\/wp-json\/wp\/v2\/comments?post=1833"}],"version-history":[{"count":1,"href":"https:\/\/milwaukeeclt.org\/es\/wp-json\/wp\/v2\/pages\/1833\/revisions"}],"predecessor-version":[{"id":1834,"href":"https:\/\/milwaukeeclt.org\/es\/wp-json\/wp\/v2\/pages\/1833\/revisions\/1834"}],"wp:attachment":[{"href":"https:\/\/milwaukeeclt.org\/es\/wp-json\/wp\/v2\/media?parent=1833"}],"curies":[{"name":"wp","href":"https:\/\/api.w.org\/{rel}","templated":true}]}}