{"id":1837,"date":"2018-08-10T04:41:43","date_gmt":"2018-08-10T04:41:43","guid":{"rendered":"https:\/\/milwaukeeclt.org\/donar\/"},"modified":"2022-11-23T05:25:01","modified_gmt":"2022-11-23T05:25:01","slug":"donar","status":"publish","type":"page","link":"https:\/\/milwaukeeclt.org\/es\/donar\/","title":{"rendered":"DONAR"},"content":{"rendered":"\n<div class=\"wp-block-columns is-layout-flex wp-container-core-columns-is-layout-1 wp-block-columns-is-layout-flex\">\n<div class=\"wp-block-column is-layout-flow wp-block-column-is-layout-flow\" style=\"flex-basis:66.66%\">\n<h2 class=\"wp-block-heading\">\u00bfQuieres ser parte de la soluci\u00f3n? <\/h2>\n\n\n\n<p>El Fideicomiso de Tierras Comunitarias, una organizaci\u00f3n sin fines de lucro 501c3, necesita su ayuda. Su asistencia financiera nos ayudar\u00e1 a construir una soluci\u00f3n de vivienda accesibles permanente y poderosa para personas de bajos ingresos que hist\u00f3ricamente han sido excluidas de la propiedad de vivienda.<\/p>\n\n\n\n          \n\n          <form action=\"https:\/\/www.paypal.com\/donate\" method=\"post\" target=\"_top\">\n            \n\n            <input type=\"hidden\" name=\"hosted_button_id\" value=\"JKLSMZ9TJDECU\"\/>\n            \n\n            <input type=\"image\" src=\"https:\/\/www.paypalobjects.com\/en_US\/i\/btn\/btn_donate_LG.gif\" border=\"0\" name=\"submit\" title=\"PayPal - The safer, easier way to pay online!\" alt=\"Donate with PayPal button\"\/>\n            \n\n            <img decoding=\"async\" alt=\"\" border=\"0\" src=\"https:\/\/www.paypal.com\/en_US\/i\/scr\/pixel.gif\" width=\"1\" height=\"1\"\/>\n            \n\n          <\/form>\n          \n\n        \n<\/div>\n\n\n\n<div class=\"wp-block-column is-layout-flow wp-block-column-is-layout-flow\" style=\"flex-basis:33.33%\">\n<figure class=\"wp-block-image size-full\"><img fetchpriority=\"high\" decoding=\"async\" width=\"481\" height=\"600\" src=\"https:\/\/milwaukeeclt.org\/wp-content\/uploads\/2022\/08\/image3.jpg\" alt=\"\" class=\"wp-image-1329\"\/><\/figure>\n<\/div>\n<\/div>\n","protected":false},"excerpt":{"rendered":"<p>\u00bfQuieres ser parte de la soluci\u00f3n? El Fideicomiso de Tierras Comunitarias, una organizaci\u00f3n sin fines de lucro 501c3, necesita su ayuda. Su asistencia financiera nos ayudar\u00e1 a construir una soluci\u00f3n de vivienda accesibles permanente y poderosa para personas de bajos ingresos que hist\u00f3ricamente han sido excluidas de la propiedad de vivienda.<\/p>\n","protected":false},"author":1,"featured_media":0,"parent":0,"menu_order":0,"comment_status":"closed","ping_status":"closed","template":"","meta":{"footnotes":""},"class_list":["post-1837","page","type-page","status-publish","hentry"],"yoast_head":"<!-- This site is optimized with the Yoast SEO plugin v24.6 - https:\/\/yoast.com\/wordpress\/plugins\/seo\/ -->\n<title>DONAR - Milwaukee Community Land Trust<\/title>\n<meta name=\"robots\" content=\"index, follow, max-snippet:-1, max-image-preview:large, max-video-preview:-1\" \/>\n<link rel=\"canonical\" href=\"http:\/\/milwaukeeclt.org\/donate\/\" \/>\n<meta property=\"og:locale\" content=\"es_ES\" \/>\n<meta property=\"og:type\" content=\"article\" \/>\n<meta property=\"og:title\" content=\"DONAR - Milwaukee Community Land Trust\" \/>\n<meta property=\"og:description\" content=\"\u00bfQuieres ser parte de la soluci\u00f3n? El Fideicomiso de Tierras Comunitarias, una organizaci\u00f3n sin fines de lucro 501c3, necesita su ayuda. Su asistencia financiera nos ayudar\u00e1 a construir una soluci\u00f3n de vivienda accesibles permanente y poderosa para personas de bajos ingresos que hist\u00f3ricamente han sido excluidas de la propiedad de vivienda.\" \/>\n<meta property=\"og:url\" content=\"http:\/\/milwaukeeclt.org\/donate\/\" \/>\n<meta property=\"og:site_name\" content=\"Milwaukee Community Land Trust\" \/>\n<meta property=\"article:modified_time\" content=\"2022-11-23T05:25:01+00:00\" \/>\n<meta property=\"og:image\" content=\"https:\/\/www.paypal.com\/en_US\/i\/scr\/pixel.gif\" \/>\n<meta name=\"twitter:card\" content=\"summary_large_image\" \/>\n<script type=\"application\/ld+json\" class=\"yoast-schema-graph\">{\"@context\":\"https:\/\/schema.org\",\"@graph\":[{\"@type\":\"WebPage\",\"@id\":\"http:\/\/milwaukeeclt.org\/donate\/\",\"url\":\"http:\/\/milwaukeeclt.org\/donate\/\",\"name\":\"DONAR - Milwaukee Community Land Trust\",\"isPartOf\":{\"@id\":\"https:\/\/milwaukeeclt.org\/#website\"},\"primaryImageOfPage\":{\"@id\":\"http:\/\/milwaukeeclt.org\/donate\/#primaryimage\"},\"image\":{\"@id\":\"http:\/\/milwaukeeclt.org\/donate\/#primaryimage\"},\"thumbnailUrl\":\"https:\/\/www.paypal.com\/en_US\/i\/scr\/pixel.gif\",\"datePublished\":\"2018-08-10T04:41:43+00:00\",\"dateModified\":\"2022-11-23T05:25:01+00:00\",\"breadcrumb\":{\"@id\":\"http:\/\/milwaukeeclt.org\/donate\/#breadcrumb\"},\"inLanguage\":\"es\",\"potentialAction\":[{\"@type\":\"ReadAction\",\"target\":[\"http:\/\/milwaukeeclt.org\/donate\/\"]}]},{\"@type\":\"ImageObject\",\"inLanguage\":\"es\",\"@id\":\"http:\/\/milwaukeeclt.org\/donate\/#primaryimage\",\"url\":\"https:\/\/www.paypal.com\/en_US\/i\/scr\/pixel.gif\",\"contentUrl\":\"https:\/\/www.paypal.com\/en_US\/i\/scr\/pixel.gif\"},{\"@type\":\"BreadcrumbList\",\"@id\":\"http:\/\/milwaukeeclt.org\/donate\/#breadcrumb\",\"itemListElement\":[{\"@type\":\"ListItem\",\"position\":1,\"name\":\"Home\",\"item\":\"http:\/\/milwaukeeclt.org\/\"},{\"@type\":\"ListItem\",\"position\":2,\"name\":\"DONAR\"}]},{\"@type\":\"WebSite\",\"@id\":\"https:\/\/milwaukeeclt.org\/#website\",\"url\":\"https:\/\/milwaukeeclt.org\/\",\"name\":\"Milwaukee Community Land Trust\",\"description\":\"Affordable Housing for Everyone, Forever\",\"publisher\":{\"@id\":\"https:\/\/milwaukeeclt.org\/#organization\"},\"potentialAction\":[{\"@type\":\"SearchAction\",\"target\":{\"@type\":\"EntryPoint\",\"urlTemplate\":\"https:\/\/milwaukeeclt.org\/?s={search_term_string}\"},\"query-input\":{\"@type\":\"PropertyValueSpecification\",\"valueRequired\":true,\"valueName\":\"search_term_string\"}}],\"inLanguage\":\"es\"},{\"@type\":\"Organization\",\"@id\":\"https:\/\/milwaukeeclt.org\/#organization\",\"name\":\"Milwaukee Community Land Trust\",\"url\":\"https:\/\/milwaukeeclt.org\/\",\"logo\":{\"@type\":\"ImageObject\",\"inLanguage\":\"es\",\"@id\":\"https:\/\/milwaukeeclt.org\/#\/schema\/logo\/image\/\",\"url\":\"https:\/\/milwaukeeclt.org\/wp-content\/uploads\/2022\/08\/MCLT_Logo_Name.png\",\"contentUrl\":\"https:\/\/milwaukeeclt.org\/wp-content\/uploads\/2022\/08\/MCLT_Logo_Name.png\",\"width\":2350,\"height\":1365,\"caption\":\"Milwaukee Community Land Trust\"},\"image\":{\"@id\":\"https:\/\/milwaukeeclt.org\/#\/schema\/logo\/image\/\"}}]}<\/script>\n<!-- \/ Yoast SEO plugin. -->","yoast_head_json":{"title":"DONAR - Milwaukee Community Land Trust","robots":{"index":"index","follow":"follow","max-snippet":"max-snippet:-1","max-image-preview":"max-image-preview:large","max-video-preview":"max-video-preview:-1"},"canonical":"http:\/\/milwaukeeclt.org\/donate\/","og_locale":"es_ES","og_type":"article","og_title":"DONAR - Milwaukee Community Land Trust","og_description":"\u00bfQuieres ser parte de la soluci\u00f3n? El Fideicomiso de Tierras Comunitarias, una organizaci\u00f3n sin fines de lucro 501c3, necesita su ayuda. Su asistencia financiera nos ayudar\u00e1 a construir una soluci\u00f3n de vivienda accesibles permanente y poderosa para personas de bajos ingresos que hist\u00f3ricamente han sido excluidas de la propiedad de vivienda.","og_url":"http:\/\/milwaukeeclt.org\/donate\/","og_site_name":"Milwaukee Community Land Trust","article_modified_time":"2022-11-23T05:25:01+00:00","og_image":[{"url":"https:\/\/www.paypal.com\/en_US\/i\/scr\/pixel.gif","type":"","width":"","height":""}],"twitter_card":"summary_large_image","schema":{"@context":"https:\/\/schema.org","@graph":[{"@type":"WebPage","@id":"http:\/\/milwaukeeclt.org\/donate\/","url":"http:\/\/milwaukeeclt.org\/donate\/","name":"DONAR - Milwaukee Community Land Trust","isPartOf":{"@id":"https:\/\/milwaukeeclt.org\/#website"},"primaryImageOfPage":{"@id":"http:\/\/milwaukeeclt.org\/donate\/#primaryimage"},"image":{"@id":"http:\/\/milwaukeeclt.org\/donate\/#primaryimage"},"thumbnailUrl":"https:\/\/www.paypal.com\/en_US\/i\/scr\/pixel.gif","datePublished":"2018-08-10T04:41:43+00:00","dateModified":"2022-11-23T05:25:01+00:00","breadcrumb":{"@id":"http:\/\/milwaukeeclt.org\/donate\/#breadcrumb"},"inLanguage":"es","potentialAction":[{"@type":"ReadAction","target":["http:\/\/milwaukeeclt.org\/donate\/"]}]},{"@type":"ImageObject","inLanguage":"es","@id":"http:\/\/milwaukeeclt.org\/donate\/#primaryimage","url":"https:\/\/www.paypal.com\/en_US\/i\/scr\/pixel.gif","contentUrl":"https:\/\/www.paypal.com\/en_US\/i\/scr\/pixel.gif"},{"@type":"BreadcrumbList","@id":"http:\/\/milwaukeeclt.org\/donate\/#breadcrumb","itemListElement":[{"@type":"ListItem","position":1,"name":"Home","item":"http:\/\/milwaukeeclt.org\/"},{"@type":"ListItem","position":2,"name":"DONAR"}]},{"@type":"WebSite","@id":"https:\/\/milwaukeeclt.org\/#website","url":"https:\/\/milwaukeeclt.org\/","name":"Milwaukee Community Land Trust","description":"Affordable Housing for Everyone, Forever","publisher":{"@id":"https:\/\/milwaukeeclt.org\/#organization"},"potentialAction":[{"@type":"SearchAction","target":{"@type":"EntryPoint","urlTemplate":"https:\/\/milwaukeeclt.org\/?s={search_term_string}"},"query-input":{"@type":"PropertyValueSpecification","valueRequired":true,"valueName":"search_term_string"}}],"inLanguage":"es"},{"@type":"Organization","@id":"https:\/\/milwaukeeclt.org\/#organization","name":"Milwaukee Community Land Trust","url":"https:\/\/milwaukeeclt.org\/","logo":{"@type":"ImageObject","inLanguage":"es","@id":"https:\/\/milwaukeeclt.org\/#\/schema\/logo\/image\/","url":"https:\/\/milwaukeeclt.org\/wp-content\/uploads\/2022\/08\/MCLT_Logo_Name.png","contentUrl":"https:\/\/milwaukeeclt.org\/wp-content\/uploads\/2022\/08\/MCLT_Logo_Name.png","width":2350,"height":1365,"caption":"Milwaukee Community Land Trust"},"image":{"@id":"https:\/\/milwaukeeclt.org\/#\/schema\/logo\/image\/"}}]}},"_links":{"self":[{"href":"https:\/\/milwaukeeclt.org\/es\/wp-json\/wp\/v2\/pages\/1837","targetHints":{"allow":["GET"]}}],"collection":[{"href":"https:\/\/milwaukeeclt.org\/es\/wp-json\/wp\/v2\/pages"}],"about":[{"href":"https:\/\/milwaukeeclt.org\/es\/wp-json\/wp\/v2\/types\/page"}],"author":[{"embeddable":true,"href":"https:\/\/milwaukeeclt.org\/es\/wp-json\/wp\/v2\/users\/1"}],"replies":[{"embeddable":true,"href":"https:\/\/milwaukeeclt.org\/es\/wp-json\/wp\/v2\/comments?post=1837"}],"version-history":[{"count":1,"href":"https:\/\/milwaukeeclt.org\/es\/wp-json\/wp\/v2\/pages\/1837\/revisions"}],"predecessor-version":[{"id":1838,"href":"https:\/\/milwaukeeclt.org\/es\/wp-json\/wp\/v2\/pages\/1837\/revisions\/1838"}],"wp:attachment":[{"href":"https:\/\/milwaukeeclt.org\/es\/wp-json\/wp\/v2\/media?parent=1837"}],"curies":[{"name":"wp","href":"https:\/\/api.w.org\/{rel}","templated":true}]}}