{"id":1853,"date":"2021-01-08T20:39:56","date_gmt":"2021-01-08T20:39:56","guid":{"rendered":"https:\/\/milwaukeeclt.org\/home\/"},"modified":"2023-01-19T19:57:34","modified_gmt":"2023-01-19T19:57:34","slug":"home","status":"publish","type":"page","link":"https:\/\/milwaukeeclt.org\/es\/","title":{"rendered":"Home"},"content":{"rendered":"\n\t\t\t<!-- START slider 1 (spanish) REVOLUTION SLIDER 6.5.25 --><p class=\"rs-p-wp-fix\"><\/p>\n\t\t\t<rs-module-wrap id=\"rev_slider_3_1_wrapper\" data-source=\"gallery\" style=\"visibility:hidden;background:transparent;padding:0;margin:0px auto;margin-top:0;margin-bottom:0;\">\n\t\t\t\t<rs-module id=\"rev_slider_3_1\" style=\"\" data-version=\"6.5.25\">\n\t\t\t\t\t<rs-slides>\n\t\t\t\t\t\t<rs-slide style=\"position: absolute;\" data-key=\"rs-7\" data-title=\"Slide\" data-in=\"o:0;\" data-out=\"a:false;\">\n\t\t\t\t\t\t\t<img fetchpriority=\"high\" decoding=\"async\" src=\"\/\/milwaukeeclt.org\/wp-content\/plugins\/revslider\/public\/assets\/assets\/dummy.png\" alt=\"\" title=\"Milwaukee,-,City,Panorama,Seen,From,The,North,Side\" width=\"2560\" height=\"1707\" class=\"rev-slidebg tp-rs-img rs-lazyload\" data-lazyload=\"\/\/dev-milwaukee-clt.pantheonsite.io\/wp-content\/uploads\/2022\/09\/shutterstock_114641314-scaled.jpg\" data-panzoom=\"d:10000;ss:100;se:109;\" data-no-retina>\n<!--\n\t\t\t\t\t\t\t--><rs-layer\n\t\t\t\t\t\t\t\tid=\"slider-3-slide-7-layer-0\" \n\t\t\t\t\t\t\t\tdata-type=\"shape\"\n\t\t\t\t\t\t\t\tdata-rsp_ch=\"on\"\n\t\t\t\t\t\t\t\tdata-xy=\"xo:0,0,0,-1px;\"\n\t\t\t\t\t\t\t\tdata-text=\"w:normal;s:20,17,12,7;l:0,21,15,9;\"\n\t\t\t\t\t\t\t\tdata-dim=\"w:100%;h:100%;\"\n\t\t\t\t\t\t\t\tdata-basealign=\"slide\"\n\t\t\t\t\t\t\t\tdata-frame_999=\"o:0;st:w;\"\n\t\t\t\t\t\t\t\tstyle=\"z-index:8;background-color:rgba(0,0,0,0.25);\"\n\t\t\t\t\t\t\t> \n\t\t\t\t\t\t\t<\/rs-layer><!--\n\n\t\t\t\t\t\t\t--><rs-layer\n\t\t\t\t\t\t\t\tid=\"slider-3-slide-7-layer-3\" \n\t\t\t\t\t\t\t\tdata-type=\"text\"\n\t\t\t\t\t\t\t\tdata-color=\"rgba(255, 255, 255, 1)\"\n\t\t\t\t\t\t\t\tdata-rsp_ch=\"on\"\n\t\t\t\t\t\t\t\tdata-xy=\"xo:11px,15px,10px,8px;y:t,t,m,m;yo:118px,213px,-77px,-99px;\"\n\t\t\t\t\t\t\t\tdata-text=\"w:normal;s:100,95,46,42;l:110,110,56,50;fw:700;\"\n\t\t\t\t\t\t\t\tdata-dim=\"w:1143px,996px,755.641px,463px;h:524px,auto,auto,auto;\"\n\t\t\t\t\t\t\t\tdata-frame_0=\"y:50px;\"\n\t\t\t\t\t\t\t\tdata-frame_1=\"e:power2.inOut;st:330;sp:380;sR:330;\"\n\t\t\t\t\t\t\t\tdata-frame_999=\"y:-50px;o:0;e:nothing;st:w;sR:8290;\"\n\t\t\t\t\t\t\t\tstyle=\"z-index:11;font-family:'Ubuntu';\"\n\t\t\t\t\t\t\t>Viviendas econ\u00f3micas para todos, para siempre \n\t\t\t\t\t\t\t<\/rs-layer><!--\n\n\t\t\t\t\t\t\t--><rs-layer\n\t\t\t\t\t\t\t\tid=\"slider-3-slide-7-layer-8\" \n\t\t\t\t\t\t\t\tdata-type=\"image\"\n\t\t\t\t\t\t\t\tdata-rsp_ch=\"on\"\n\t\t\t\t\t\t\t\tdata-xy=\"xo:0,0,-557px,-585px;yo:-5px;\"\n\t\t\t\t\t\t\t\tdata-text=\"l:22;a:inherit;\"\n\t\t\t\t\t\t\t\tdata-dim=\"w:['852px','852px','852px','852px'];h:['850px','850px','850px','850px'];\"\n\t\t\t\t\t\t\t\tdata-basealign=\"slide\"\n\t\t\t\t\t\t\t\tdata-frame_0=\"x:-100%;o:1;\"\n\t\t\t\t\t\t\t\tdata-frame_0_mask=\"u:t;\"\n\t\t\t\t\t\t\t\tdata-frame_1=\"sp:690;sR:10;\"\n\t\t\t\t\t\t\t\tdata-frame_1_mask=\"u:t;\"\n\t\t\t\t\t\t\t\tdata-frame_999=\"o:0;st:w;sR:8300;\"\n\t\t\t\t\t\t\t\tstyle=\"z-index:9;\"\n\t\t\t\t\t\t\t><img decoding=\"async\" src=\"\/\/milwaukeeclt.org\/wp-content\/plugins\/revslider\/public\/assets\/assets\/dummy.png\" alt=\"\" class=\"tp-rs-img rs-lazyload\" width=\"852\" height=\"850\" data-lazyload=\"\/\/dev-milwaukee-clt.pantheonsite.io\/wp-content\/uploads\/2022\/08\/newoverlay.png\" data-no-retina> \n\t\t\t\t\t\t\t<\/rs-layer><!--\n\n\t\t\t\t\t\t\t--><rs-layer\n\t\t\t\t\t\t\t\tid=\"slider-3-slide-7-layer-9\" \n\t\t\t\t\t\t\t\tdata-type=\"text\"\n\t\t\t\t\t\t\t\tdata-rsp_ch=\"on\"\n\t\t\t\t\t\t\t\tdata-xy=\"xo:22px,22px,10px,10px;y:t,t,m,m;yo:564px,564px,144px,147px;\"\n\t\t\t\t\t\t\t\tdata-text=\"s:20,20,20,20;l:46,46,22,22;a:inherit;\"\n\t\t\t\t\t\t\t\tdata-frame_0=\"y:50px;\"\n\t\t\t\t\t\t\t\tdata-frame_1=\"st:1050;sp:290;sR:1050;\"\n\t\t\t\t\t\t\t\tdata-frame_999=\"y:-50px;o:0;st:w;sR:7660;\"\n\t\t\t\t\t\t\t\tstyle=\"z-index:12;font-family:'Open Sans';\"\n\t\t\t\t\t\t\t><a class=\"btn-theme-second\" href=\"\/why-clts\/\">\u00bfPOR QU\u00c9 UN CLT?<\/a> \n\t\t\t\t\t\t\t<\/rs-layer><!--\n\n\t\t\t\t\t\t\t--><rs-layer\n\t\t\t\t\t\t\t\tid=\"slider-3-slide-7-layer-10\" \n\t\t\t\t\t\t\t\tdata-type=\"text\"\n\t\t\t\t\t\t\t\tdata-rsp_ch=\"on\"\n\t\t\t\t\t\t\t\tdata-xy=\"xo:16px,16px,13px,10px;yo:456px,456px,240px,225px;\"\n\t\t\t\t\t\t\t\tdata-text=\"w:normal,normal,normal,normal;s:20,20,20,12;l:22,22,22,18;ls:3px;a:inherit;\"\n\t\t\t\t\t\t\t\tdata-dim=\"w:961px,961px,684px,459px;h:134px,134px,auto,178px;\"\n\t\t\t\t\t\t\t\tdata-padding=\"b:2;\"\n\t\t\t\t\t\t\t\tdata-border=\"boc:#ffffff;bow:0,0,1px,0;\"\n\t\t\t\t\t\t\t\tdata-frame_0=\"y:50px;\"\n\t\t\t\t\t\t\t\tdata-frame_1=\"st:770;sR:770;\"\n\t\t\t\t\t\t\t\tdata-frame_999=\"y:-50px;o:0;st:w;sR:7930;\"\n\t\t\t\t\t\t\t\tstyle=\"z-index:10;font-family:'Open Sans';text-transform:uppercase;\"\n\t\t\t\t\t\t\t>El Fideicomiso de Tierras Comunitarias de Milwaukee (MCLT por sus siglas en ingl\u00e9s) transforma las casas en pilares de familias y vecindarios fuertes al hacerlas permanentemente asequibles para compradores de viviendas de bajos ingresos a trav\u00e9s de un modelo<br \/>\ncomprobado de fideicomiso de tierras comunitarias. \n\t\t\t\t\t\t\t<\/rs-layer><!--\n-->\t\t\t\t\t\t<\/rs-slide>\n\t\t\t\t\t<\/rs-slides>\n\t\t\t\t<\/rs-module>\n\t\t\t\t<script>\n\t\t\t\t\tsetREVStartSize({c: 'rev_slider_3_1',rl:[1240,1024,778,480],el:[840,768,500,500],gw:[1170,1024,778,480],gh:[840,768,500,500],type:'standard',justify:'',layout:'fullwidth',mh:\"0\"});if (window.RS_MODULES!==undefined && window.RS_MODULES.modules!==undefined && window.RS_MODULES.modules[\"revslider31\"]!==undefined) {window.RS_MODULES.modules[\"revslider31\"].once = false;window.revapi3 = undefined;if (window.RS_MODULES.checkMinimal!==undefined) window.RS_MODULES.checkMinimal()}\n\t\t\t\t<\/script>\n\t\t\t<\/rs-module-wrap>\n\t\t\t<!-- END REVOLUTION SLIDER -->\n\n<h2>\n                  Inversionistas: Cambiando el Juego para las<br \/>Generaciones Venideras.<br \/>\n               <\/h2>\n<p>\nMuchos subsidios de asequibilidad son temporales ya que las restricciones de reventa se<br \/>terminan despu\u00e9s de un corto per\u00edodo de tiempo.<br \/>El resultado: los bajos precios se desvanecen ante las fuerzas del mercado.<\/p>\n<p>El modelo MCLT es diferente: recicla los subsidios haciendo que las restricciones de reventa<br \/>sean permanentes, manteniendo la vivienda econ\u00f3mica para siempre. Para obtener m\u00e1s<br \/>informaci\u00f3n, agende una reuni\u00f3n con Lamont Davis, Director Ejecutivo,<br \/>lamont@milwaukeeclt.org.<br \/>\n                       <a href=\"mailto:ldavis@milwaukeeclt.org\"><br \/>\n          Agendar reuni\u00f3n        <\/a><br \/>\n\t\t\t\t\t\t\t\t\t\t\t\t\t\t\t<img loading=\"lazy\" decoding=\"async\" width=\"481\" height=\"600\" src=\"https:\/\/milwaukeeclt.org\/wp-content\/uploads\/2022\/08\/image2-1.jpg\" alt=\"\" loading=\"lazy\" \/>\t\t\t\t\t\t\t\t\t\t\t\t\t\t\t<\/p>\n<h2>\n               \u00a1Hazte<br \/>miembro!<br \/>\n            <\/h2>\n<h2>\n                  \u00bfQu\u00e9 significa para ti ser miembro?<br \/>\n               <\/h2>\n<h4>Una oportunidad de liderar<\/h4>\n<p>Como miembro del MCLT, tienes voz y voto. Tendr\u00e1 la oportunidad de servir en comit\u00e9s, sentarse en la junta directiva y ayudar a construir un futuro que incluya viviendas econ\u00f3micas para todos, para siempre.<\/p>\n<h4 style=\"font-weight: bold\">Una oportunidad de servir<\/h4>\n<p>Empodera a los nuevos propietarios gui\u00e1ndonos a trav\u00e9s de las responsabilidades diarias, desde hacer un presupuesto y pagar facturas hasta hacer reparaciones simples, elegir contratistas de confianza y participar en su comunidad.<\/p>\n<h4 style=\"font-weight: bold\">Es f\u00e1cil unirse.<\/h4>\n<p>                       <a href=\"https:\/\/milwaukeeclt.org\/es\/membresia\/\"><br \/>\n          Obtenga m\u00e1s informaci\u00f3n sobre la membres\u00eda        <\/a><\/p>\n","protected":false},"excerpt":{"rendered":"<p>Inversionistas: Cambiando el Juego para lasGeneraciones Venideras. Muchos subsidios de asequibilidad son temporales ya que las restricciones de reventa seterminan despu\u00e9s de un corto per\u00edodo de tiempo.El resultado: los bajos precios se desvanecen ante las fuerzas del mercado. El modelo MCLT es diferente: recicla los subsidios haciendo que las restricciones de reventasean permanentes, manteniendo la [&hellip;]<\/p>\n","protected":false},"author":2,"featured_media":0,"parent":0,"menu_order":0,"comment_status":"closed","ping_status":"closed","template":"elementor_header_footer","meta":{"footnotes":""},"class_list":["post-1853","page","type-page","status-publish","hentry"],"yoast_head":"<!-- This site is optimized with the Yoast SEO plugin v24.6 - https:\/\/yoast.com\/wordpress\/plugins\/seo\/ -->\n<title>Home - Milwaukee Community Land Trust<\/title>\n<meta name=\"robots\" content=\"index, follow, max-snippet:-1, max-image-preview:large, max-video-preview:-1\" \/>\n<link rel=\"canonical\" href=\"http:\/\/milwaukeeclt.org\/\" \/>\n<meta property=\"og:locale\" content=\"es_ES\" \/>\n<meta property=\"og:type\" content=\"article\" \/>\n<meta property=\"og:title\" content=\"Home - Milwaukee Community Land Trust\" \/>\n<meta property=\"og:description\" content=\"Inversionistas: Cambiando el Juego para lasGeneraciones Venideras. Muchos subsidios de asequibilidad son temporales ya que las restricciones de reventa seterminan despu\u00e9s de un corto per\u00edodo de tiempo.El resultado: los bajos precios se desvanecen ante las fuerzas del mercado. El modelo MCLT es diferente: recicla los subsidios haciendo que las restricciones de reventasean permanentes, manteniendo la [&hellip;]\" \/>\n<meta property=\"og:url\" content=\"http:\/\/milwaukeeclt.org\/\" \/>\n<meta property=\"og:site_name\" content=\"Milwaukee Community Land Trust\" \/>\n<meta property=\"article:modified_time\" content=\"2023-01-19T19:57:34+00:00\" \/>\n<meta property=\"og:image\" content=\"https:\/\/milwaukeeclt.org\/wp-content\/uploads\/2022\/08\/image2-1.jpg\" \/>\n<meta name=\"twitter:card\" content=\"summary_large_image\" \/>\n<meta name=\"twitter:label1\" content=\"Tiempo de lectura\" \/>\n\t<meta name=\"twitter:data1\" content=\"2 minutos\" \/>\n<script type=\"application\/ld+json\" class=\"yoast-schema-graph\">{\"@context\":\"https:\/\/schema.org\",\"@graph\":[{\"@type\":\"WebPage\",\"@id\":\"http:\/\/milwaukeeclt.org\/\",\"url\":\"http:\/\/milwaukeeclt.org\/\",\"name\":\"Home - Milwaukee Community Land Trust\",\"isPartOf\":{\"@id\":\"https:\/\/milwaukeeclt.org\/#website\"},\"primaryImageOfPage\":{\"@id\":\"http:\/\/milwaukeeclt.org\/#primaryimage\"},\"image\":{\"@id\":\"http:\/\/milwaukeeclt.org\/#primaryimage\"},\"thumbnailUrl\":\"https:\/\/milwaukeeclt.org\/wp-content\/uploads\/2022\/08\/image2-1.jpg\",\"datePublished\":\"2021-01-08T20:39:56+00:00\",\"dateModified\":\"2023-01-19T19:57:34+00:00\",\"breadcrumb\":{\"@id\":\"http:\/\/milwaukeeclt.org\/#breadcrumb\"},\"inLanguage\":\"es\",\"potentialAction\":[{\"@type\":\"ReadAction\",\"target\":[\"http:\/\/milwaukeeclt.org\/\"]}]},{\"@type\":\"ImageObject\",\"inLanguage\":\"es\",\"@id\":\"http:\/\/milwaukeeclt.org\/#primaryimage\",\"url\":\"https:\/\/milwaukeeclt.org\/wp-content\/uploads\/2022\/08\/image2-1.jpg\",\"contentUrl\":\"https:\/\/milwaukeeclt.org\/wp-content\/uploads\/2022\/08\/image2-1.jpg\"},{\"@type\":\"BreadcrumbList\",\"@id\":\"http:\/\/milwaukeeclt.org\/#breadcrumb\",\"itemListElement\":[{\"@type\":\"ListItem\",\"position\":1,\"name\":\"Home\",\"item\":\"http:\/\/milwaukeeclt.org\/\"},{\"@type\":\"ListItem\",\"position\":2,\"name\":\"Home\"}]},{\"@type\":\"WebSite\",\"@id\":\"https:\/\/milwaukeeclt.org\/#website\",\"url\":\"https:\/\/milwaukeeclt.org\/\",\"name\":\"Milwaukee Community Land Trust\",\"description\":\"Affordable Housing for Everyone, Forever\",\"publisher\":{\"@id\":\"https:\/\/milwaukeeclt.org\/#organization\"},\"potentialAction\":[{\"@type\":\"SearchAction\",\"target\":{\"@type\":\"EntryPoint\",\"urlTemplate\":\"https:\/\/milwaukeeclt.org\/?s={search_term_string}\"},\"query-input\":{\"@type\":\"PropertyValueSpecification\",\"valueRequired\":true,\"valueName\":\"search_term_string\"}}],\"inLanguage\":\"es\"},{\"@type\":\"Organization\",\"@id\":\"https:\/\/milwaukeeclt.org\/#organization\",\"name\":\"Milwaukee Community Land Trust\",\"url\":\"https:\/\/milwaukeeclt.org\/\",\"logo\":{\"@type\":\"ImageObject\",\"inLanguage\":\"es\",\"@id\":\"https:\/\/milwaukeeclt.org\/#\/schema\/logo\/image\/\",\"url\":\"https:\/\/milwaukeeclt.org\/wp-content\/uploads\/2022\/08\/MCLT_Logo_Name.png\",\"contentUrl\":\"https:\/\/milwaukeeclt.org\/wp-content\/uploads\/2022\/08\/MCLT_Logo_Name.png\",\"width\":2350,\"height\":1365,\"caption\":\"Milwaukee Community Land Trust\"},\"image\":{\"@id\":\"https:\/\/milwaukeeclt.org\/#\/schema\/logo\/image\/\"}}]}<\/script>\n<!-- \/ Yoast SEO plugin. -->","yoast_head_json":{"title":"Home - Milwaukee Community Land Trust","robots":{"index":"index","follow":"follow","max-snippet":"max-snippet:-1","max-image-preview":"max-image-preview:large","max-video-preview":"max-video-preview:-1"},"canonical":"http:\/\/milwaukeeclt.org\/","og_locale":"es_ES","og_type":"article","og_title":"Home - Milwaukee Community Land Trust","og_description":"Inversionistas: Cambiando el Juego para lasGeneraciones Venideras. Muchos subsidios de asequibilidad son temporales ya que las restricciones de reventa seterminan despu\u00e9s de un corto per\u00edodo de tiempo.El resultado: los bajos precios se desvanecen ante las fuerzas del mercado. El modelo MCLT es diferente: recicla los subsidios haciendo que las restricciones de reventasean permanentes, manteniendo la [&hellip;]","og_url":"http:\/\/milwaukeeclt.org\/","og_site_name":"Milwaukee Community Land Trust","article_modified_time":"2023-01-19T19:57:34+00:00","og_image":[{"url":"https:\/\/milwaukeeclt.org\/wp-content\/uploads\/2022\/08\/image2-1.jpg","type":"","width":"","height":""}],"twitter_card":"summary_large_image","twitter_misc":{"Tiempo de lectura":"2 minutos"},"schema":{"@context":"https:\/\/schema.org","@graph":[{"@type":"WebPage","@id":"http:\/\/milwaukeeclt.org\/","url":"http:\/\/milwaukeeclt.org\/","name":"Home - Milwaukee Community Land Trust","isPartOf":{"@id":"https:\/\/milwaukeeclt.org\/#website"},"primaryImageOfPage":{"@id":"http:\/\/milwaukeeclt.org\/#primaryimage"},"image":{"@id":"http:\/\/milwaukeeclt.org\/#primaryimage"},"thumbnailUrl":"https:\/\/milwaukeeclt.org\/wp-content\/uploads\/2022\/08\/image2-1.jpg","datePublished":"2021-01-08T20:39:56+00:00","dateModified":"2023-01-19T19:57:34+00:00","breadcrumb":{"@id":"http:\/\/milwaukeeclt.org\/#breadcrumb"},"inLanguage":"es","potentialAction":[{"@type":"ReadAction","target":["http:\/\/milwaukeeclt.org\/"]}]},{"@type":"ImageObject","inLanguage":"es","@id":"http:\/\/milwaukeeclt.org\/#primaryimage","url":"https:\/\/milwaukeeclt.org\/wp-content\/uploads\/2022\/08\/image2-1.jpg","contentUrl":"https:\/\/milwaukeeclt.org\/wp-content\/uploads\/2022\/08\/image2-1.jpg"},{"@type":"BreadcrumbList","@id":"http:\/\/milwaukeeclt.org\/#breadcrumb","itemListElement":[{"@type":"ListItem","position":1,"name":"Home","item":"http:\/\/milwaukeeclt.org\/"},{"@type":"ListItem","position":2,"name":"Home"}]},{"@type":"WebSite","@id":"https:\/\/milwaukeeclt.org\/#website","url":"https:\/\/milwaukeeclt.org\/","name":"Milwaukee Community Land Trust","description":"Affordable Housing for Everyone, Forever","publisher":{"@id":"https:\/\/milwaukeeclt.org\/#organization"},"potentialAction":[{"@type":"SearchAction","target":{"@type":"EntryPoint","urlTemplate":"https:\/\/milwaukeeclt.org\/?s={search_term_string}"},"query-input":{"@type":"PropertyValueSpecification","valueRequired":true,"valueName":"search_term_string"}}],"inLanguage":"es"},{"@type":"Organization","@id":"https:\/\/milwaukeeclt.org\/#organization","name":"Milwaukee Community Land Trust","url":"https:\/\/milwaukeeclt.org\/","logo":{"@type":"ImageObject","inLanguage":"es","@id":"https:\/\/milwaukeeclt.org\/#\/schema\/logo\/image\/","url":"https:\/\/milwaukeeclt.org\/wp-content\/uploads\/2022\/08\/MCLT_Logo_Name.png","contentUrl":"https:\/\/milwaukeeclt.org\/wp-content\/uploads\/2022\/08\/MCLT_Logo_Name.png","width":2350,"height":1365,"caption":"Milwaukee Community Land Trust"},"image":{"@id":"https:\/\/milwaukeeclt.org\/#\/schema\/logo\/image\/"}}]}},"_links":{"self":[{"href":"https:\/\/milwaukeeclt.org\/es\/wp-json\/wp\/v2\/pages\/1853","targetHints":{"allow":["GET"]}}],"collection":[{"href":"https:\/\/milwaukeeclt.org\/es\/wp-json\/wp\/v2\/pages"}],"about":[{"href":"https:\/\/milwaukeeclt.org\/es\/wp-json\/wp\/v2\/types\/page"}],"author":[{"embeddable":true,"href":"https:\/\/milwaukeeclt.org\/es\/wp-json\/wp\/v2\/users\/2"}],"replies":[{"embeddable":true,"href":"https:\/\/milwaukeeclt.org\/es\/wp-json\/wp\/v2\/comments?post=1853"}],"version-history":[{"count":19,"href":"https:\/\/milwaukeeclt.org\/es\/wp-json\/wp\/v2\/pages\/1853\/revisions"}],"predecessor-version":[{"id":1916,"href":"https:\/\/milwaukeeclt.org\/es\/wp-json\/wp\/v2\/pages\/1853\/revisions\/1916"}],"wp:attachment":[{"href":"https:\/\/milwaukeeclt.org\/es\/wp-json\/wp\/v2\/media?parent=1853"}],"curies":[{"name":"wp","href":"https:\/\/api.w.org\/{rel}","templated":true}]}}