{"id":1899,"date":"2019-01-31T19:45:09","date_gmt":"2019-01-31T19:45:09","guid":{"rendered":"https:\/\/milwaukeeclt.org\/sobre-mclt\/"},"modified":"2022-12-09T03:04:24","modified_gmt":"2022-12-09T03:04:24","slug":"sobre-mclt","status":"publish","type":"page","link":"https:\/\/milwaukeeclt.org\/es\/sobre-mclt\/","title":{"rendered":"Sobre MCLT"},"content":{"rendered":"\n<div class=\"wp-block-columns is-layout-flex wp-container-core-columns-is-layout-2 wp-block-columns-is-layout-flex\">\n<div class=\"wp-block-column is-layout-flow wp-block-column-is-layout-flow\" style=\"flex-basis:66%\">\n<div class=\"wp-block-columns is-layout-flex wp-container-core-columns-is-layout-1 wp-block-columns-is-layout-flex\">\n<div class=\"wp-block-column is-layout-flow wp-block-column-is-layout-flow\" style=\"flex-basis:100%\">\n<h2 class=\"wp-block-heading\">Sobre MCLT<\/h2>\n\n\n\n<p>El Fideicomiso de Tierras Comunitarias de Milwaukee (MCLT) transforma las casas en pilares de familiares y vecindarios s\u00f3lidos al hacerlas permanentemente accessible para los compradores de vivienda de bajos ingresos a trav\u00e9s de un modelo comprobado de fideicomiso de tierras comunitarias. Existen 270 fideiconismos de tierras comuniartias en los EE.UU. que son dedicados a la creaci\u00f3n de las casas econ\u00f3micas y la riqueza para las personas quienes ahora no tienen estas oportunidades.<\/p>\n\n\n\n<p>Con la ayuda de los subsidios p\u00fablicos y privados, nosotros compramos la tierra y las casas que ya existen para rehabilitar, o construir a casas nuevas. Mantenemos a los precios de compra m\u00e1s bajos que los del mercado. A cambio, hay un acuerdo con los due\u00f1os de la casa, si quieren venderla, s\u00f3lo la vendan por un precio m\u00e1s bajo que el precio de mercado. As\u00ed podemos asegurarnos que los subsidios pasan de una generaci\u00f3n a la pr\u00f3xima. Los due\u00f1os de casa pueden crecer la riqueza a trav\u00e9s de la valoraci\u00f3n del mercado y el patromonio neto.<\/p>\n\n\n\n<p>Somos un socio responsable. Hacerse due\u00f1o de una casa es una gran aventura. Guiamos a las familias por este proceso y por las responsabilidades. Queremos que las familias tengan \u00e9xito, cualquier reto.<\/p>\n<\/div>\n<\/div>\n<\/div>\n\n\n\n<div class=\"wp-block-column is-layout-flow wp-block-column-is-layout-flow\" style=\"flex-basis:33%\">\n<figure class=\"wp-block-image size-full\"><img fetchpriority=\"high\" decoding=\"async\" width=\"1284\" height=\"1797\" src=\"https:\/\/milwaukeeclt.org\/wp-content\/uploads\/2022\/08\/family.jpg\" alt=\"\" class=\"wp-image-1533\" \/><\/figure>\n<\/div>\n<\/div>\n","protected":false},"excerpt":{"rendered":"<p>Sobre MCLT El Fideicomiso de Tierras Comunitarias de Milwaukee (MCLT) transforma las casas en pilares de familiares y vecindarios s\u00f3lidos al hacerlas permanentemente accessible para los compradores de vivienda de bajos ingresos a trav\u00e9s de un modelo comprobado de fideicomiso de tierras comunitarias. Existen 270 fideiconismos de tierras comuniartias en los EE.UU. que son dedicados [&hellip;]<\/p>\n","protected":false},"author":1,"featured_media":0,"parent":0,"menu_order":0,"comment_status":"closed","ping_status":"closed","template":"","meta":{"footnotes":""},"class_list":["post-1899","page","type-page","status-publish","hentry"],"yoast_head":"<!-- This site is optimized with the Yoast SEO plugin v24.6 - https:\/\/yoast.com\/wordpress\/plugins\/seo\/ -->\n<title>Sobre MCLT - Milwaukee Community Land Trust<\/title>\n<meta name=\"robots\" content=\"index, follow, max-snippet:-1, max-image-preview:large, max-video-preview:-1\" \/>\n<link rel=\"canonical\" href=\"http:\/\/milwaukeeclt.org\/organization\/\" \/>\n<meta property=\"og:locale\" content=\"es_ES\" \/>\n<meta property=\"og:type\" content=\"article\" \/>\n<meta property=\"og:title\" content=\"Sobre MCLT - Milwaukee Community Land Trust\" \/>\n<meta property=\"og:description\" content=\"Sobre MCLT El Fideicomiso de Tierras Comunitarias de Milwaukee (MCLT) transforma las casas en pilares de familiares y vecindarios s\u00f3lidos al hacerlas permanentemente accessible para los compradores de vivienda de bajos ingresos a trav\u00e9s de un modelo comprobado de fideicomiso de tierras comunitarias. Existen 270 fideiconismos de tierras comuniartias en los EE.UU. que son dedicados [&hellip;]\" \/>\n<meta property=\"og:url\" content=\"http:\/\/milwaukeeclt.org\/organization\/\" \/>\n<meta property=\"og:site_name\" content=\"Milwaukee Community Land Trust\" \/>\n<meta property=\"article:modified_time\" content=\"2022-12-09T03:04:24+00:00\" \/>\n<meta property=\"og:image\" content=\"https:\/\/milwaukeeclt.org\/wp-content\/uploads\/2022\/08\/family.jpg\" \/>\n<meta name=\"twitter:card\" content=\"summary_large_image\" \/>\n<meta name=\"twitter:label1\" content=\"Tiempo de lectura\" \/>\n\t<meta name=\"twitter:data1\" content=\"1 minuto\" \/>\n<script type=\"application\/ld+json\" class=\"yoast-schema-graph\">{\"@context\":\"https:\/\/schema.org\",\"@graph\":[{\"@type\":\"WebPage\",\"@id\":\"http:\/\/milwaukeeclt.org\/organization\/\",\"url\":\"http:\/\/milwaukeeclt.org\/organization\/\",\"name\":\"Sobre MCLT - Milwaukee Community Land Trust\",\"isPartOf\":{\"@id\":\"https:\/\/milwaukeeclt.org\/#website\"},\"primaryImageOfPage\":{\"@id\":\"http:\/\/milwaukeeclt.org\/organization\/#primaryimage\"},\"image\":{\"@id\":\"http:\/\/milwaukeeclt.org\/organization\/#primaryimage\"},\"thumbnailUrl\":\"https:\/\/milwaukeeclt.org\/wp-content\/uploads\/2022\/08\/family.jpg\",\"datePublished\":\"2019-01-31T19:45:09+00:00\",\"dateModified\":\"2022-12-09T03:04:24+00:00\",\"breadcrumb\":{\"@id\":\"http:\/\/milwaukeeclt.org\/organization\/#breadcrumb\"},\"inLanguage\":\"es\",\"potentialAction\":[{\"@type\":\"ReadAction\",\"target\":[\"http:\/\/milwaukeeclt.org\/organization\/\"]}]},{\"@type\":\"ImageObject\",\"inLanguage\":\"es\",\"@id\":\"http:\/\/milwaukeeclt.org\/organization\/#primaryimage\",\"url\":\"https:\/\/milwaukeeclt.org\/wp-content\/uploads\/2022\/08\/family.jpg\",\"contentUrl\":\"https:\/\/milwaukeeclt.org\/wp-content\/uploads\/2022\/08\/family.jpg\"},{\"@type\":\"BreadcrumbList\",\"@id\":\"http:\/\/milwaukeeclt.org\/organization\/#breadcrumb\",\"itemListElement\":[{\"@type\":\"ListItem\",\"position\":1,\"name\":\"Home\",\"item\":\"http:\/\/milwaukeeclt.org\/\"},{\"@type\":\"ListItem\",\"position\":2,\"name\":\"Sobre MCLT\"}]},{\"@type\":\"WebSite\",\"@id\":\"https:\/\/milwaukeeclt.org\/#website\",\"url\":\"https:\/\/milwaukeeclt.org\/\",\"name\":\"Milwaukee Community Land Trust\",\"description\":\"Affordable Housing for Everyone, Forever\",\"publisher\":{\"@id\":\"https:\/\/milwaukeeclt.org\/#organization\"},\"potentialAction\":[{\"@type\":\"SearchAction\",\"target\":{\"@type\":\"EntryPoint\",\"urlTemplate\":\"https:\/\/milwaukeeclt.org\/?s={search_term_string}\"},\"query-input\":{\"@type\":\"PropertyValueSpecification\",\"valueRequired\":true,\"valueName\":\"search_term_string\"}}],\"inLanguage\":\"es\"},{\"@type\":\"Organization\",\"@id\":\"https:\/\/milwaukeeclt.org\/#organization\",\"name\":\"Milwaukee Community Land Trust\",\"url\":\"https:\/\/milwaukeeclt.org\/\",\"logo\":{\"@type\":\"ImageObject\",\"inLanguage\":\"es\",\"@id\":\"https:\/\/milwaukeeclt.org\/#\/schema\/logo\/image\/\",\"url\":\"https:\/\/milwaukeeclt.org\/wp-content\/uploads\/2022\/08\/MCLT_Logo_Name.png\",\"contentUrl\":\"https:\/\/milwaukeeclt.org\/wp-content\/uploads\/2022\/08\/MCLT_Logo_Name.png\",\"width\":2350,\"height\":1365,\"caption\":\"Milwaukee Community Land Trust\"},\"image\":{\"@id\":\"https:\/\/milwaukeeclt.org\/#\/schema\/logo\/image\/\"}}]}<\/script>\n<!-- \/ Yoast SEO plugin. -->","yoast_head_json":{"title":"Sobre MCLT - Milwaukee Community Land Trust","robots":{"index":"index","follow":"follow","max-snippet":"max-snippet:-1","max-image-preview":"max-image-preview:large","max-video-preview":"max-video-preview:-1"},"canonical":"http:\/\/milwaukeeclt.org\/organization\/","og_locale":"es_ES","og_type":"article","og_title":"Sobre MCLT - Milwaukee Community Land Trust","og_description":"Sobre MCLT El Fideicomiso de Tierras Comunitarias de Milwaukee (MCLT) transforma las casas en pilares de familiares y vecindarios s\u00f3lidos al hacerlas permanentemente accessible para los compradores de vivienda de bajos ingresos a trav\u00e9s de un modelo comprobado de fideicomiso de tierras comunitarias. Existen 270 fideiconismos de tierras comuniartias en los EE.UU. que son dedicados [&hellip;]","og_url":"http:\/\/milwaukeeclt.org\/organization\/","og_site_name":"Milwaukee Community Land Trust","article_modified_time":"2022-12-09T03:04:24+00:00","og_image":[{"url":"https:\/\/milwaukeeclt.org\/wp-content\/uploads\/2022\/08\/family.jpg","type":"","width":"","height":""}],"twitter_card":"summary_large_image","twitter_misc":{"Tiempo de lectura":"1 minuto"},"schema":{"@context":"https:\/\/schema.org","@graph":[{"@type":"WebPage","@id":"http:\/\/milwaukeeclt.org\/organization\/","url":"http:\/\/milwaukeeclt.org\/organization\/","name":"Sobre MCLT - Milwaukee Community Land Trust","isPartOf":{"@id":"https:\/\/milwaukeeclt.org\/#website"},"primaryImageOfPage":{"@id":"http:\/\/milwaukeeclt.org\/organization\/#primaryimage"},"image":{"@id":"http:\/\/milwaukeeclt.org\/organization\/#primaryimage"},"thumbnailUrl":"https:\/\/milwaukeeclt.org\/wp-content\/uploads\/2022\/08\/family.jpg","datePublished":"2019-01-31T19:45:09+00:00","dateModified":"2022-12-09T03:04:24+00:00","breadcrumb":{"@id":"http:\/\/milwaukeeclt.org\/organization\/#breadcrumb"},"inLanguage":"es","potentialAction":[{"@type":"ReadAction","target":["http:\/\/milwaukeeclt.org\/organization\/"]}]},{"@type":"ImageObject","inLanguage":"es","@id":"http:\/\/milwaukeeclt.org\/organization\/#primaryimage","url":"https:\/\/milwaukeeclt.org\/wp-content\/uploads\/2022\/08\/family.jpg","contentUrl":"https:\/\/milwaukeeclt.org\/wp-content\/uploads\/2022\/08\/family.jpg"},{"@type":"BreadcrumbList","@id":"http:\/\/milwaukeeclt.org\/organization\/#breadcrumb","itemListElement":[{"@type":"ListItem","position":1,"name":"Home","item":"http:\/\/milwaukeeclt.org\/"},{"@type":"ListItem","position":2,"name":"Sobre MCLT"}]},{"@type":"WebSite","@id":"https:\/\/milwaukeeclt.org\/#website","url":"https:\/\/milwaukeeclt.org\/","name":"Milwaukee Community Land Trust","description":"Affordable Housing for Everyone, Forever","publisher":{"@id":"https:\/\/milwaukeeclt.org\/#organization"},"potentialAction":[{"@type":"SearchAction","target":{"@type":"EntryPoint","urlTemplate":"https:\/\/milwaukeeclt.org\/?s={search_term_string}"},"query-input":{"@type":"PropertyValueSpecification","valueRequired":true,"valueName":"search_term_string"}}],"inLanguage":"es"},{"@type":"Organization","@id":"https:\/\/milwaukeeclt.org\/#organization","name":"Milwaukee Community Land Trust","url":"https:\/\/milwaukeeclt.org\/","logo":{"@type":"ImageObject","inLanguage":"es","@id":"https:\/\/milwaukeeclt.org\/#\/schema\/logo\/image\/","url":"https:\/\/milwaukeeclt.org\/wp-content\/uploads\/2022\/08\/MCLT_Logo_Name.png","contentUrl":"https:\/\/milwaukeeclt.org\/wp-content\/uploads\/2022\/08\/MCLT_Logo_Name.png","width":2350,"height":1365,"caption":"Milwaukee Community Land Trust"},"image":{"@id":"https:\/\/milwaukeeclt.org\/#\/schema\/logo\/image\/"}}]}},"_links":{"self":[{"href":"https:\/\/milwaukeeclt.org\/es\/wp-json\/wp\/v2\/pages\/1899","targetHints":{"allow":["GET"]}}],"collection":[{"href":"https:\/\/milwaukeeclt.org\/es\/wp-json\/wp\/v2\/pages"}],"about":[{"href":"https:\/\/milwaukeeclt.org\/es\/wp-json\/wp\/v2\/types\/page"}],"author":[{"embeddable":true,"href":"https:\/\/milwaukeeclt.org\/es\/wp-json\/wp\/v2\/users\/1"}],"replies":[{"embeddable":true,"href":"https:\/\/milwaukeeclt.org\/es\/wp-json\/wp\/v2\/comments?post=1899"}],"version-history":[{"count":1,"href":"https:\/\/milwaukeeclt.org\/es\/wp-json\/wp\/v2\/pages\/1899\/revisions"}],"predecessor-version":[{"id":1900,"href":"https:\/\/milwaukeeclt.org\/es\/wp-json\/wp\/v2\/pages\/1899\/revisions\/1900"}],"wp:attachment":[{"href":"https:\/\/milwaukeeclt.org\/es\/wp-json\/wp\/v2\/media?parent=1899"}],"curies":[{"name":"wp","href":"https:\/\/api.w.org\/{rel}","templated":true}]}}